{"id":10292,"date":"2024-08-23T06:16:15","date_gmt":"2024-08-23T06:16:15","guid":{"rendered":"https:\/\/afelbe.com\/?page_id=10292"},"modified":"2024-12-09T14:28:31","modified_gmt":"2024-12-09T14:28:31","slug":"bergatrollets-sal","status":"publish","type":"page","link":"https:\/\/afelbe.com\/en\/bergatrollets-sal\/","title":{"rendered":"Bergatrollets Sal"},"content":{"rendered":"\t\t<div data-elementor-type=\"wp-page\" data-elementor-id=\"10292\" class=\"elementor elementor-10292\" data-elementor-post-type=\"page\">\n\t\t\t\t\t\t<section class=\"elementor-section elementor-top-section elementor-element elementor-element-e11ca69 elementor-section-height-min-height forced-fixed-width elementor-section-boxed elementor-section-height-default elementor-section-items-middle\" data-id=\"e11ca69\" data-element_type=\"section\" data-e-type=\"section\" data-settings=\"{&quot;background_background&quot;:&quot;classic&quot;}\">\n\t\t\t\t\t\t\t<div class=\"elementor-background-overlay\"><\/div>\n\t\t\t\t\t\t\t<div class=\"elementor-container elementor-column-gap-default\">\n\t\t\t\t\t<div class=\"elementor-column elementor-col-100 elementor-top-column elementor-element elementor-element-492b715c\" data-id=\"492b715c\" data-element_type=\"column\" data-e-type=\"column\">\n\t\t\t<div class=\"elementor-widget-wrap elementor-element-populated\">\n\t\t\t\t\t\t<div class=\"elementor-element elementor-element-6df134fc elementor-widget elementor-widget-heading\" data-id=\"6df134fc\" data-element_type=\"widget\" data-e-type=\"widget\" data-settings=\"{&quot;_animation&quot;:&quot;none&quot;,&quot;_animation_delay&quot;:800}\" data-widget_type=\"heading.default\">\n\t\t\t\t<div class=\"elementor-widget-container\">\n\t\t\t\t\t<h3 class=\"elementor-heading-title elementor-size-default\">Bergatrollets Sal<\/h3>\t\t\t\t<\/div>\n\t\t\t\t<\/div>\n\t\t\t\t<div class=\"elementor-element elementor-element-751d8b1 elementor-widget elementor-widget-heading\" data-id=\"751d8b1\" data-element_type=\"widget\" data-e-type=\"widget\" data-widget_type=\"heading.default\">\n\t\t\t\t<div class=\"elementor-widget-container\">\n\t\t\t\t\t<h2 class=\"elementor-heading-title elementor-size-default\">af Elbe<\/h2>\t\t\t\t<\/div>\n\t\t\t\t<\/div>\n\t\t\t\t\t<\/div>\n\t\t<\/div>\n\t\t\t\t\t<\/div>\n\t\t<\/section>\n\t\t\t\t<section class=\"elementor-section elementor-top-section elementor-element elementor-element-f3fab04 forced-fixed-width elementor-section-boxed elementor-section-height-default elementor-section-height-default\" data-id=\"f3fab04\" data-element_type=\"section\" data-e-type=\"section\">\n\t\t\t\t\t\t<div class=\"elementor-container elementor-column-gap-default\">\n\t\t\t\t\t<div class=\"elementor-column elementor-col-100 elementor-top-column elementor-element elementor-element-60e805e\" data-id=\"60e805e\" data-element_type=\"column\" data-e-type=\"column\">\n\t\t\t<div class=\"elementor-widget-wrap elementor-element-populated\">\n\t\t\t\t\t\t<div class=\"elementor-element elementor-element-b616e02 elementor-widget elementor-widget-spacer\" data-id=\"b616e02\" data-element_type=\"widget\" data-e-type=\"widget\" data-widget_type=\"spacer.default\">\n\t\t\t\t<div class=\"elementor-widget-container\">\n\t\t\t\t\t\t\t<div class=\"elementor-spacer\">\n\t\t\t<div class=\"elementor-spacer-inner\"><\/div>\n\t\t<\/div>\n\t\t\t\t\t\t<\/div>\n\t\t\t\t<\/div>\n\t\t\t\t<div class=\"elementor-element elementor-element-9510080 animated-slow elementor-invisible elementor-widget elementor-widget-text-editor\" data-id=\"9510080\" data-element_type=\"widget\" data-e-type=\"widget\" data-settings=\"{&quot;_animation&quot;:&quot;fadeIn&quot;,&quot;_animation_delay&quot;:800}\" data-widget_type=\"text-editor.default\">\n\t\t\t\t<div class=\"elementor-widget-container\">\n\t\t\t\t\t\t\t\t\t<div class=\"flex flex-grow flex-col max-w-full\"><div class=\"min-h-[20px] text-message flex w-full flex-col items-end gap-2 whitespace-pre-wrap break-words [.text-message+&amp;]:mt-5 overflow-x-auto\" dir=\"auto\" data-message-author-role=\"assistant\" data-message-id=\"a12f8570-4232-4dc6-8bfe-9c54141fdb35\"><div class=\"flex w-full flex-col gap-1 empty:hidden first:pt-[3px]\"><div class=\"markdown prose w-full break-words dark:prose-invert light\"><p><span style=\"color: var( --e-global-color-text ); letter-spacing: 1.2px;\">\u201d<\/span>Ett bergatroll p\u00e5 sin tron av sten,<br \/>Vaktar sin sal, i m\u00f6rkrets sken.<\/p><p class=\"p1\">Ur dess s\u00e5ng h\u00f6rs viskningar sm\u00e5,<br \/>d\u00e4r stenar ber\u00e4ttar om tider som g\u00e5r.<span style=\"letter-spacing: 1.2px;\">\u201d\u00a0<\/span><\/p><\/div><\/div><\/div><\/div>\t\t\t\t\t\t\t\t<\/div>\n\t\t\t\t<\/div>\n\t\t\t\t<div class=\"elementor-element elementor-element-2774b0c elementor-widget elementor-widget-spacer\" data-id=\"2774b0c\" data-element_type=\"widget\" data-e-type=\"widget\" data-widget_type=\"spacer.default\">\n\t\t\t\t<div class=\"elementor-widget-container\">\n\t\t\t\t\t\t\t<div class=\"elementor-spacer\">\n\t\t\t<div class=\"elementor-spacer-inner\"><\/div>\n\t\t<\/div>\n\t\t\t\t\t\t<\/div>\n\t\t\t\t<\/div>\n\t\t\t\t\t<\/div>\n\t\t<\/div>\n\t\t\t\t\t<\/div>\n\t\t<\/section>\n\t\t\t\t<section class=\"elementor-section elementor-top-section elementor-element elementor-element-42a2eb1 elementor-section-boxed elementor-section-height-default elementor-section-height-default\" data-id=\"42a2eb1\" data-element_type=\"section\" data-e-type=\"section\">\n\t\t\t\t\t\t<div class=\"elementor-container elementor-column-gap-default\">\n\t\t\t\t\t<div class=\"elementor-column elementor-col-100 elementor-top-column elementor-element elementor-element-afa787b\" data-id=\"afa787b\" data-element_type=\"column\" data-e-type=\"column\">\n\t\t\t<div class=\"elementor-widget-wrap elementor-element-populated\">\n\t\t\t\t\t\t<div class=\"elementor-element elementor-element-050ec0b elementor-skin-carousel elementor-arrows-yes elementor-pagination-type-bullets elementor-pagination-position-outside elementor-widget elementor-widget-media-carousel\" data-id=\"050ec0b\" data-element_type=\"widget\" data-e-type=\"widget\" data-settings=\"{&quot;autoplay_speed&quot;:3500,&quot;slides_per_view&quot;:&quot;3&quot;,&quot;skin&quot;:&quot;carousel&quot;,&quot;effect&quot;:&quot;slide&quot;,&quot;show_arrows&quot;:&quot;yes&quot;,&quot;pagination&quot;:&quot;bullets&quot;,&quot;speed&quot;:500,&quot;autoplay&quot;:&quot;yes&quot;,&quot;loop&quot;:&quot;yes&quot;,&quot;pause_on_hover&quot;:&quot;yes&quot;,&quot;pause_on_interaction&quot;:&quot;yes&quot;,&quot;space_between&quot;:{&quot;unit&quot;:&quot;px&quot;,&quot;size&quot;:10,&quot;sizes&quot;:[]},&quot;space_between_tablet&quot;:{&quot;unit&quot;:&quot;px&quot;,&quot;size&quot;:10,&quot;sizes&quot;:[]},&quot;space_between_mobile&quot;:{&quot;unit&quot;:&quot;px&quot;,&quot;size&quot;:10,&quot;sizes&quot;:[]}}\" data-widget_type=\"media-carousel.default\">\n\t\t\t\t<div class=\"elementor-widget-container\">\n\t\t\t\t\t\t\t\t\t<div class=\"elementor-swiper\">\n\t\t\t\t\t<div class=\"elementor-main-swiper swiper\" role=\"region\" aria-roledescription=\"carousel\" aria-label=\"Slides\">\n\t\t\t\t<div class=\"swiper-wrapper\">\n\t\t\t\t\t\t\t\t\t\t\t<div class=\"swiper-slide\" role=\"group\" aria-roledescription=\"slide\">\n\t\t\t\t\t\t\t<a href=\"https:\/\/afelbe.com\/wp-content\/uploads\/2024\/07\/Bauer-1.jpg\" data-elementor-open-lightbox=\"yes\" data-elementor-lightbox-slideshow=\"050ec0b\" data-elementor-lightbox-title=\"Bergatrollets sal\" data-e-action-hash=\"#elementor-action%3Aaction%3Dlightbox%26settings%3DeyJpZCI6MTAyMzIsInVybCI6Imh0dHBzOlwvXC9hZmVsYmUuY29tXC93cC1jb250ZW50XC91cGxvYWRzXC8yMDI0XC8wN1wvQmF1ZXItMS5qcGciLCJzbGlkZXNob3ciOiIwNTBlYzBiIn0%3D\">\t\t<div class=\"elementor-carousel-image\" role=\"img\" aria-label=\"Bergatrollets sal\" style=\"background-image: url(&#039;https:\/\/afelbe.com\/wp-content\/uploads\/2024\/07\/Bauer-1.jpg&#039;)\">\n\n\t\t\t\n\t\t\t\t\t<\/div>\n\t\t<\/a>\t\t\t\t\t\t<\/div>\n\t\t\t\t\t\t\t\t\t\t\t<div class=\"swiper-slide\" role=\"group\" aria-roledescription=\"slide\">\n\t\t\t\t\t\t\t<a href=\"https:\/\/afelbe.com\/wp-content\/uploads\/2024\/07\/IMG_3863-scaled.jpg\" data-elementor-open-lightbox=\"yes\" data-elementor-lightbox-slideshow=\"050ec0b\" data-elementor-lightbox-title=\"Bergatrollets sal\" data-e-action-hash=\"#elementor-action%3Aaction%3Dlightbox%26settings%3DeyJpZCI6MTAyMzQsInVybCI6Imh0dHBzOlwvXC9hZmVsYmUuY29tXC93cC1jb250ZW50XC91cGxvYWRzXC8yMDI0XC8wN1wvSU1HXzM4NjMtc2NhbGVkLmpwZyIsInNsaWRlc2hvdyI6IjA1MGVjMGIifQ%3D%3D\">\t\t<div class=\"elementor-carousel-image\" role=\"img\" aria-label=\"Bergatrollets sal\" style=\"background-image: url(&#039;https:\/\/afelbe.com\/wp-content\/uploads\/2024\/07\/IMG_3863-scaled.jpg&#039;)\">\n\n\t\t\t\n\t\t\t\t\t<\/div>\n\t\t<\/a>\t\t\t\t\t\t<\/div>\n\t\t\t\t\t\t\t\t\t\t\t<div class=\"swiper-slide\" role=\"group\" aria-roledescription=\"slide\">\n\t\t\t\t\t\t\t<a href=\"https:\/\/afelbe.com\/wp-content\/uploads\/2024\/08\/IMG_3847-scaled.jpg\" data-elementor-open-lightbox=\"yes\" data-elementor-lightbox-slideshow=\"050ec0b\" data-elementor-lightbox-title=\"Bergatrollets sal\" data-e-action-hash=\"#elementor-action%3Aaction%3Dlightbox%26settings%3DeyJpZCI6MTAyOTMsInVybCI6Imh0dHBzOlwvXC9hZmVsYmUuY29tXC93cC1jb250ZW50XC91cGxvYWRzXC8yMDI0XC8wOFwvSU1HXzM4NDctc2NhbGVkLmpwZyIsInNsaWRlc2hvdyI6IjA1MGVjMGIifQ%3D%3D\">\t\t<div class=\"elementor-carousel-image\" role=\"img\" aria-label=\"Bergatrollets sal\" style=\"background-image: url(&#039;https:\/\/afelbe.com\/wp-content\/uploads\/2024\/08\/IMG_3847-scaled.jpg&#039;)\">\n\n\t\t\t\n\t\t\t\t\t<\/div>\n\t\t<\/a>\t\t\t\t\t\t<\/div>\n\t\t\t\t\t\t\t\t\t\t\t<div class=\"swiper-slide\" role=\"group\" aria-roledescription=\"slide\">\n\t\t\t\t\t\t\t<a href=\"https:\/\/afelbe.com\/wp-content\/uploads\/2024\/08\/IMG_3850-scaled.jpg\" data-elementor-open-lightbox=\"yes\" data-elementor-lightbox-slideshow=\"050ec0b\" data-elementor-lightbox-title=\"Bergatrollets sal\" data-e-action-hash=\"#elementor-action%3Aaction%3Dlightbox%26settings%3DeyJpZCI6MTAyOTQsInVybCI6Imh0dHBzOlwvXC9hZmVsYmUuY29tXC93cC1jb250ZW50XC91cGxvYWRzXC8yMDI0XC8wOFwvSU1HXzM4NTAtc2NhbGVkLmpwZyIsInNsaWRlc2hvdyI6IjA1MGVjMGIifQ%3D%3D\">\t\t<div class=\"elementor-carousel-image\" role=\"img\" aria-label=\"Bergatrollets sal\" style=\"background-image: url(&#039;https:\/\/afelbe.com\/wp-content\/uploads\/2024\/08\/IMG_3850-scaled.jpg&#039;)\">\n\n\t\t\t\n\t\t\t\t\t<\/div>\n\t\t<\/a>\t\t\t\t\t\t<\/div>\n\t\t\t\t\t\t\t\t\t\t\t<div class=\"swiper-slide\" role=\"group\" aria-roledescription=\"slide\">\n\t\t\t\t\t\t\t<a href=\"https:\/\/afelbe.com\/wp-content\/uploads\/2024\/08\/IMG_3853-scaled.jpg\" data-elementor-open-lightbox=\"yes\" data-elementor-lightbox-slideshow=\"050ec0b\" data-elementor-lightbox-title=\"Bergatrollets sal\" data-e-action-hash=\"#elementor-action%3Aaction%3Dlightbox%26settings%3DeyJpZCI6MTAyOTYsInVybCI6Imh0dHBzOlwvXC9hZmVsYmUuY29tXC93cC1jb250ZW50XC91cGxvYWRzXC8yMDI0XC8wOFwvSU1HXzM4NTMtc2NhbGVkLmpwZyIsInNsaWRlc2hvdyI6IjA1MGVjMGIifQ%3D%3D\">\t\t<div class=\"elementor-carousel-image\" role=\"img\" aria-label=\"Bergatrollets sal\" style=\"background-image: url(&#039;https:\/\/afelbe.com\/wp-content\/uploads\/2024\/08\/IMG_3853-scaled.jpg&#039;)\">\n\n\t\t\t\n\t\t\t\t\t<\/div>\n\t\t<\/a>\t\t\t\t\t\t<\/div>\n\t\t\t\t\t\t\t\t\t\t\t<div class=\"swiper-slide\" role=\"group\" aria-roledescription=\"slide\">\n\t\t\t\t\t\t\t<a href=\"https:\/\/afelbe.com\/wp-content\/uploads\/2024\/08\/IMG_3848-scaled.jpg\" data-elementor-open-lightbox=\"yes\" data-elementor-lightbox-slideshow=\"050ec0b\" data-elementor-lightbox-title=\"Bergatrollets sal\" data-e-action-hash=\"#elementor-action%3Aaction%3Dlightbox%26settings%3DeyJpZCI6MTAyOTUsInVybCI6Imh0dHBzOlwvXC9hZmVsYmUuY29tXC93cC1jb250ZW50XC91cGxvYWRzXC8yMDI0XC8wOFwvSU1HXzM4NDgtc2NhbGVkLmpwZyIsInNsaWRlc2hvdyI6IjA1MGVjMGIifQ%3D%3D\">\t\t<div class=\"elementor-carousel-image\" role=\"img\" aria-label=\"Bergatrollets sal\" style=\"background-image: url(&#039;https:\/\/afelbe.com\/wp-content\/uploads\/2024\/08\/IMG_3848-scaled.jpg&#039;)\">\n\n\t\t\t\n\t\t\t\t\t<\/div>\n\t\t<\/a>\t\t\t\t\t\t<\/div>\n\t\t\t\t\t\t\t\t\t\t\t<div class=\"swiper-slide\" role=\"group\" aria-roledescription=\"slide\">\n\t\t\t\t\t\t\t<a href=\"https:\/\/afelbe.com\/wp-content\/uploads\/2024\/08\/IMG_3868-scaled.jpg\" data-elementor-open-lightbox=\"yes\" data-elementor-lightbox-slideshow=\"050ec0b\" data-elementor-lightbox-title=\"Bergatrollets sal\" data-e-action-hash=\"#elementor-action%3Aaction%3Dlightbox%26settings%3DeyJpZCI6MTAyOTgsInVybCI6Imh0dHBzOlwvXC9hZmVsYmUuY29tXC93cC1jb250ZW50XC91cGxvYWRzXC8yMDI0XC8wOFwvSU1HXzM4Njgtc2NhbGVkLmpwZyIsInNsaWRlc2hvdyI6IjA1MGVjMGIifQ%3D%3D\">\t\t<div class=\"elementor-carousel-image\" role=\"img\" aria-label=\"Bergatrollets sal\" style=\"background-image: url(&#039;https:\/\/afelbe.com\/wp-content\/uploads\/2024\/08\/IMG_3868-scaled.jpg&#039;)\">\n\n\t\t\t\n\t\t\t\t\t<\/div>\n\t\t<\/a>\t\t\t\t\t\t<\/div>\n\t\t\t\t\t\t\t\t\t\t\t<div class=\"swiper-slide\" role=\"group\" aria-roledescription=\"slide\">\n\t\t\t\t\t\t\t<a href=\"https:\/\/afelbe.com\/wp-content\/uploads\/2024\/08\/IMG_3866-scaled.jpg\" data-elementor-open-lightbox=\"yes\" data-elementor-lightbox-slideshow=\"050ec0b\" data-elementor-lightbox-title=\"Bergatrollets sal\" data-e-action-hash=\"#elementor-action%3Aaction%3Dlightbox%26settings%3DeyJpZCI6MTAyOTcsInVybCI6Imh0dHBzOlwvXC9hZmVsYmUuY29tXC93cC1jb250ZW50XC91cGxvYWRzXC8yMDI0XC8wOFwvSU1HXzM4NjYtc2NhbGVkLmpwZyIsInNsaWRlc2hvdyI6IjA1MGVjMGIifQ%3D%3D\">\t\t<div class=\"elementor-carousel-image\" role=\"img\" aria-label=\"Bergatrollets sal\" style=\"background-image: url(&#039;https:\/\/afelbe.com\/wp-content\/uploads\/2024\/08\/IMG_3866-scaled.jpg&#039;)\">\n\n\t\t\t\n\t\t\t\t\t<\/div>\n\t\t<\/a>\t\t\t\t\t\t<\/div>\n\t\t\t\t\t\t\t\t\t<\/div>\n\t\t\t\t\t\t\t\t\t\t\t\t\t\t\t<div class=\"elementor-swiper-button elementor-swiper-button-prev\" role=\"button\" tabindex=\"0\" aria-label=\"Previous\">\n\t\t\t\t\t\t\t<i aria-hidden=\"true\" class=\"eicon-chevron-left\"><\/i>\t\t\t\t\t\t<\/div>\n\t\t\t\t\t\t<div class=\"elementor-swiper-button elementor-swiper-button-next\" role=\"button\" tabindex=\"0\" aria-label=\"Next\">\n\t\t\t\t\t\t\t<i aria-hidden=\"true\" class=\"eicon-chevron-right\"><\/i>\t\t\t\t\t\t<\/div>\n\t\t\t\t\t\t\t\t\t\t\t\t\t\t\t\t<div class=\"swiper-pagination\"><\/div>\n\t\t\t\t\t\t\t\t\t\t\t\t<\/div>\n\t\t\t\t<\/div>\n\t\t\t\t\t\t\t\t<\/div>\n\t\t\t\t<\/div>\n\t\t\t\t<div class=\"elementor-element elementor-element-f993fa2 elementor-widget elementor-widget-heading\" data-id=\"f993fa2\" data-element_type=\"widget\" data-e-type=\"widget\" data-widget_type=\"heading.default\">\n\t\t\t\t<div class=\"elementor-widget-container\">\n\t\t\t\t\t<h2 class=\"elementor-heading-title elementor-size-default\">S\u00e5ld<br>Galleri Melefors - Julsalong 2024<\/h2>\t\t\t\t<\/div>\n\t\t\t\t<\/div>\n\t\t\t\t<div class=\"elementor-element elementor-element-122fda8 elementor-widget elementor-widget-text-editor\" data-id=\"122fda8\" data-element_type=\"widget\" data-e-type=\"widget\" data-widget_type=\"text-editor.default\">\n\t\t\t\t<div class=\"elementor-widget-container\">\n\t\t\t\t\t\t\t\t\t<p>M\u00e5tt: 80 x 100 cm<\/p>\n<p>Originalverk, 2024<\/p>\n<p>Akryl och tusch p\u00e5 canvas<\/p>\t\t\t\t\t\t\t\t<\/div>\n\t\t\t\t<\/div>\n\t\t\t\t<div class=\"elementor-element elementor-element-81561cd elementor-widget elementor-widget-image\" data-id=\"81561cd\" data-element_type=\"widget\" data-e-type=\"widget\" data-widget_type=\"image.default\">\n\t\t\t\t<div class=\"elementor-widget-container\">\n\t\t\t\t\t\t\t\t\t\t\t\t\t\t\t\t<a href=\"https:\/\/melefors.com\/collections\/julsalong-2024\/products\/johanna-elbe-bergatrollets-sal\">\n\t\t\t\t\t\t\t<img decoding=\"async\" src=\"https:\/\/afelbe.com\/wp-content\/uploads\/elementor\/thumbs\/shopping-bag-icon-vector-19119167-e1619032876609-p6226rv1t8ssxlocua513xjec475dsl5n2ldhepjsk.jpeg\" title=\"Interested in buying\" alt=\"shopping bag - vector icon flat illustration eps10\" loading=\"lazy\" \/>\t\t\t\t\t\t\t\t<\/a>\n\t\t\t\t\t\t\t\t\t\t\t\t\t\t\t<\/div>\n\t\t\t\t<\/div>\n\t\t\t\t\t<\/div>\n\t\t<\/div>\n\t\t\t\t\t<\/div>\n\t\t<\/section>\n\t\t\t\t<section class=\"elementor-section elementor-top-section elementor-element elementor-element-8f17866 elementor-section-boxed elementor-section-height-default elementor-section-height-default\" data-id=\"8f17866\" data-element_type=\"section\" data-e-type=\"section\">\n\t\t\t\t\t\t<div class=\"elementor-container elementor-column-gap-default\">\n\t\t\t\t\t<div class=\"elementor-column elementor-col-100 elementor-top-column elementor-element elementor-element-7e80d93\" data-id=\"7e80d93\" data-element_type=\"column\" data-e-type=\"column\">\n\t\t\t<div class=\"elementor-widget-wrap elementor-element-populated\">\n\t\t\t\t\t\t<div class=\"elementor-element elementor-element-d594c83 elementor-widget elementor-widget-text-editor\" data-id=\"d594c83\" data-element_type=\"widget\" data-e-type=\"widget\" data-widget_type=\"text-editor.default\">\n\t\t\t\t<div class=\"elementor-widget-container\">\n\t\t\t\t\t\t\t\t\t<p>Privat samling &#8211; Stockholm, Sverige<\/p>\t\t\t\t\t\t\t\t<\/div>\n\t\t\t\t<\/div>\n\t\t\t\t\t<\/div>\n\t\t<\/div>\n\t\t\t\t\t<\/div>\n\t\t<\/section>\n\t\t\t\t<section class=\"elementor-section elementor-top-section elementor-element elementor-element-96b7601 elementor-section-boxed elementor-section-height-default elementor-section-height-default\" data-id=\"96b7601\" data-element_type=\"section\" data-e-type=\"section\">\n\t\t\t\t\t\t<div class=\"elementor-container elementor-column-gap-default\">\n\t\t\t\t\t<div class=\"elementor-column elementor-col-100 elementor-top-column elementor-element elementor-element-3cc238f\" data-id=\"3cc238f\" data-element_type=\"column\" data-e-type=\"column\">\n\t\t\t<div class=\"elementor-widget-wrap elementor-element-populated\">\n\t\t\t\t\t\t<div class=\"elementor-element elementor-element-1b67d41 elementor-widget elementor-widget-image\" data-id=\"1b67d41\" data-element_type=\"widget\" data-e-type=\"widget\" data-widget_type=\"image.default\">\n\t\t\t\t<div class=\"elementor-widget-container\">\n\t\t\t\t\t\t\t\t\t\t\t\t\t\t\t\t<a href=\"https:\/\/melefors.com\/collections\/julsalong-2024\/products\/johanna-elbe-bergatrollets-sal\">\n\t\t\t\t\t\t\t<img decoding=\"async\" src=\"https:\/\/afelbe.com\/wp-content\/uploads\/elementor\/thumbs\/Galleri-melefors-logga-qtwudw0vz5391bkzp9nwvw4f8y6jq3uynpdq7ipqf4.webp\" title=\"Galleri Melefors\" alt=\"Galleri Melefors\" loading=\"lazy\" \/>\t\t\t\t\t\t\t\t<\/a>\n\t\t\t\t\t\t\t\t\t\t\t\t\t\t\t<\/div>\n\t\t\t\t<\/div>\n\t\t\t\t\t<\/div>\n\t\t<\/div>\n\t\t\t\t\t<\/div>\n\t\t<\/section>\n\t\t\t\t<section class=\"elementor-section elementor-top-section elementor-element elementor-element-2adf41ca elementor-section-boxed elementor-section-height-default elementor-section-height-default\" data-id=\"2adf41ca\" data-element_type=\"section\" data-e-type=\"section\">\n\t\t\t\t\t\t<div class=\"elementor-container elementor-column-gap-default\">\n\t\t\t\t\t<div class=\"elementor-column elementor-col-100 elementor-top-column elementor-element elementor-element-4ba4a9e3\" data-id=\"4ba4a9e3\" data-element_type=\"column\" data-e-type=\"column\">\n\t\t\t<div class=\"elementor-widget-wrap elementor-element-populated\">\n\t\t\t\t\t\t<div class=\"elementor-element elementor-element-31d1d3e elementor-widget elementor-widget-spacer\" data-id=\"31d1d3e\" data-element_type=\"widget\" data-e-type=\"widget\" data-widget_type=\"spacer.default\">\n\t\t\t\t<div class=\"elementor-widget-container\">\n\t\t\t\t\t\t\t<div class=\"elementor-spacer\">\n\t\t\t<div class=\"elementor-spacer-inner\"><\/div>\n\t\t<\/div>\n\t\t\t\t\t\t<\/div>\n\t\t\t\t<\/div>\n\t\t\t\t<div class=\"elementor-element elementor-element-6b4d8f74 elementor-cta--skin-classic elementor-animated-content elementor-bg-transform elementor-bg-transform-zoom-in elementor-widget elementor-widget-call-to-action\" data-id=\"6b4d8f74\" data-element_type=\"widget\" data-e-type=\"widget\" data-widget_type=\"call-to-action.default\">\n\t\t\t\t<div class=\"elementor-widget-container\">\n\t\t\t\t\t\t\t<a class=\"elementor-cta\" href=\"https:\/\/afelbe.com\/galleri\/\">\n\t\t\t\t\t<div class=\"elementor-cta__bg-wrapper\">\n\t\t\t\t<div class=\"elementor-cta__bg elementor-bg\" style=\"background-image: url(https:\/\/afelbe.com\/wp-content\/uploads\/2021\/09\/shutterstock_126935459-2048x1367.jpg);\" role=\"img\" aria-label=\"Galleri sv\"><\/div>\n\t\t\t\t<div class=\"elementor-cta__bg-overlay\"><\/div>\n\t\t\t<\/div>\n\t\t\t\t\t\t\t<div class=\"elementor-cta__content\">\n\t\t\t\t\n\t\t\t\t\t\t\t\t\t<h2 class=\"elementor-cta__title elementor-cta__content-item elementor-content-item\">\n\t\t\t\t\t\tTillbaka till Galleriet\t\t\t\t\t<\/h2>\n\t\t\t\t\n\t\t\t\t\n\t\t\t\t\t\t\t<\/div>\n\t\t\t\t\t\t<\/a>\n\t\t\t\t\t\t<\/div>\n\t\t\t\t<\/div>\n\t\t\t\t\t<\/div>\n\t\t<\/div>\n\t\t\t\t\t<\/div>\n\t\t<\/section>\n\t\t\t\t<section class=\"elementor-section elementor-top-section elementor-element elementor-element-ced42c6 elementor-section-boxed elementor-section-height-default elementor-section-height-default\" data-id=\"ced42c6\" data-element_type=\"section\" data-e-type=\"section\">\n\t\t\t\t\t\t<div class=\"elementor-container elementor-column-gap-default\">\n\t\t\t\t\t<div class=\"elementor-column elementor-col-100 elementor-top-column elementor-element elementor-element-a89683b\" data-id=\"a89683b\" data-element_type=\"column\" data-e-type=\"column\">\n\t\t\t<div class=\"elementor-widget-wrap\">\n\t\t\t\t\t\t\t<\/div>\n\t\t<\/div>\n\t\t\t\t\t<\/div>\n\t\t<\/section>\n\t\t\t\t<\/div>\n\t\t","protected":false},"excerpt":{"rendered":"<p>Bergatrollets Sal af Elbe \u201dEtt bergatroll p\u00e5 sin tron av sten,Vaktar sin sal, i m\u00f6rkrets sken. Ur dess s\u00e5ng h\u00f6rs viskningar sm\u00e5,d\u00e4r stenar ber\u00e4ttar om tider som g\u00e5r.\u201d\u00a0 Previous Next S\u00e5ldGalleri Melefors &#8211; Julsalong 2024 M\u00e5tt: 80 x 100 cm Originalverk, 2024 Akryl och tusch p\u00e5 canvas Privat samling &#8211; Stockholm, Sverige Tillbaka till Galleriet<\/p>","protected":false},"author":2,"featured_media":0,"parent":0,"menu_order":0,"comment_status":"closed","ping_status":"closed","template":"","meta":{"footnotes":""},"class_list":["post-10292","page","type-page","status-publish","hentry"],"_links":{"self":[{"href":"https:\/\/afelbe.com\/en\/wp-json\/wp\/v2\/pages\/10292","targetHints":{"allow":["GET"]}}],"collection":[{"href":"https:\/\/afelbe.com\/en\/wp-json\/wp\/v2\/pages"}],"about":[{"href":"https:\/\/afelbe.com\/en\/wp-json\/wp\/v2\/types\/page"}],"author":[{"embeddable":true,"href":"https:\/\/afelbe.com\/en\/wp-json\/wp\/v2\/users\/2"}],"replies":[{"embeddable":true,"href":"https:\/\/afelbe.com\/en\/wp-json\/wp\/v2\/comments?post=10292"}],"version-history":[{"count":22,"href":"https:\/\/afelbe.com\/en\/wp-json\/wp\/v2\/pages\/10292\/revisions"}],"predecessor-version":[{"id":10570,"href":"https:\/\/afelbe.com\/en\/wp-json\/wp\/v2\/pages\/10292\/revisions\/10570"}],"wp:attachment":[{"href":"https:\/\/afelbe.com\/en\/wp-json\/wp\/v2\/media?parent=10292"}],"curies":[{"name":"wp","href":"https:\/\/api.w.org\/{rel}","templated":true}]}}