{"id":11279,"date":"2026-03-29T19:15:20","date_gmt":"2026-03-29T19:15:20","guid":{"rendered":"https:\/\/afelbe.com\/?page_id=11279"},"modified":"2026-03-30T19:59:14","modified_gmt":"2026-03-30T19:59:14","slug":"anima-lucis","status":"publish","type":"page","link":"https:\/\/afelbe.com\/en\/anima-lucis\/","title":{"rendered":"Anima Lucis"},"content":{"rendered":"\t\t<div data-elementor-type=\"wp-page\" data-elementor-id=\"11279\" class=\"elementor elementor-11279\" data-elementor-post-type=\"page\">\n\t\t\t\t\t\t<section class=\"elementor-section elementor-top-section elementor-element elementor-element-e11ca69 elementor-section-height-min-height forced-fixed-width elementor-section-boxed elementor-section-height-default elementor-section-items-middle\" data-id=\"e11ca69\" data-element_type=\"section\" data-e-type=\"section\" data-settings=\"{&quot;background_background&quot;:&quot;classic&quot;}\">\n\t\t\t\t\t\t\t<div class=\"elementor-background-overlay\"><\/div>\n\t\t\t\t\t\t\t<div class=\"elementor-container elementor-column-gap-default\">\n\t\t\t\t\t<div class=\"elementor-column elementor-col-100 elementor-top-column elementor-element elementor-element-492b715c\" data-id=\"492b715c\" data-element_type=\"column\" data-e-type=\"column\">\n\t\t\t<div class=\"elementor-widget-wrap elementor-element-populated\">\n\t\t\t\t\t\t<div class=\"elementor-element elementor-element-6df134fc elementor-widget elementor-widget-heading\" data-id=\"6df134fc\" data-element_type=\"widget\" data-e-type=\"widget\" data-settings=\"{&quot;_animation&quot;:&quot;none&quot;,&quot;_animation_delay&quot;:800}\" data-widget_type=\"heading.default\">\n\t\t\t\t<div class=\"elementor-widget-container\">\n\t\t\t\t\t<h3 class=\"elementor-heading-title elementor-size-default\">Anima Lucis<\/h3>\t\t\t\t<\/div>\n\t\t\t\t<\/div>\n\t\t\t\t<div class=\"elementor-element elementor-element-751d8b1 elementor-widget elementor-widget-heading\" data-id=\"751d8b1\" data-element_type=\"widget\" data-e-type=\"widget\" data-widget_type=\"heading.default\">\n\t\t\t\t<div class=\"elementor-widget-container\">\n\t\t\t\t\t<h2 class=\"elementor-heading-title elementor-size-default\">af Elbe<\/h2>\t\t\t\t<\/div>\n\t\t\t\t<\/div>\n\t\t\t\t\t<\/div>\n\t\t<\/div>\n\t\t\t\t\t<\/div>\n\t\t<\/section>\n\t\t\t\t<section class=\"elementor-section elementor-top-section elementor-element elementor-element-f3fab04 forced-fixed-width elementor-section-boxed elementor-section-height-default elementor-section-height-default\" data-id=\"f3fab04\" data-element_type=\"section\" data-e-type=\"section\">\n\t\t\t\t\t\t<div class=\"elementor-container elementor-column-gap-default\">\n\t\t\t\t\t<div class=\"elementor-column elementor-col-100 elementor-top-column elementor-element elementor-element-60e805e\" data-id=\"60e805e\" data-element_type=\"column\" data-e-type=\"column\">\n\t\t\t<div class=\"elementor-widget-wrap elementor-element-populated\">\n\t\t\t\t\t\t<div class=\"elementor-element elementor-element-b616e02 elementor-widget elementor-widget-spacer\" data-id=\"b616e02\" data-element_type=\"widget\" data-e-type=\"widget\" data-widget_type=\"spacer.default\">\n\t\t\t\t<div class=\"elementor-widget-container\">\n\t\t\t\t\t\t\t<div class=\"elementor-spacer\">\n\t\t\t<div class=\"elementor-spacer-inner\"><\/div>\n\t\t<\/div>\n\t\t\t\t\t\t<\/div>\n\t\t\t\t<\/div>\n\t\t\t\t<div class=\"elementor-element elementor-element-9510080 animated-slow elementor-invisible elementor-widget elementor-widget-text-editor\" data-id=\"9510080\" data-element_type=\"widget\" data-e-type=\"widget\" data-settings=\"{&quot;_animation&quot;:&quot;fadeIn&quot;,&quot;_animation_delay&quot;:800}\" data-widget_type=\"text-editor.default\">\n\t\t\t\t<div class=\"elementor-widget-container\">\n\t\t\t\t\t\t\t\t\t<div class=\"flex flex-grow flex-col max-w-full\"><div class=\"min-h-[20px] text-message flex w-full flex-col items-end gap-2 whitespace-pre-wrap break-words [.text-message+&amp;]:mt-5 overflow-x-auto\" dir=\"auto\" data-message-author-role=\"assistant\" data-message-id=\"a12f8570-4232-4dc6-8bfe-9c54141fdb35\"><div class=\"flex w-full flex-col gap-1 empty:hidden first:pt-[3px]\"><div class=\"markdown prose w-full break-words dark:prose-invert light\"><p class=\"p1\"><i>Anima Lucis <\/i>\u2013 <i>sj\u00e4l av ljus<\/i><\/p><p class=\"p1\">En gestaltning av ljuset som en inre k\u00e4rna \u2013 en kraft som inte bara syns utan ocks\u00e5 k\u00e4nns och b\u00e4rs inom oss. Det \u00e4r samma ljus som f\u00f6ljer oss genom tidens skiftningar, fr\u00e5n gryning till skymning, fr\u00e5n b\u00f6rjan till slut. Ett livets ljus som f\u00f6rbinder det f\u00f6rg\u00e4ngliga med det eviga, och som p\u00e5minner om att varje \u00f6gonblick rymmer b\u00e5de sk\u00f6rhet och n\u00e4rvaro.<\/p><\/div><\/div><\/div><\/div>\t\t\t\t\t\t\t\t<\/div>\n\t\t\t\t<\/div>\n\t\t\t\t<div class=\"elementor-element elementor-element-2774b0c elementor-widget elementor-widget-spacer\" data-id=\"2774b0c\" data-element_type=\"widget\" data-e-type=\"widget\" data-widget_type=\"spacer.default\">\n\t\t\t\t<div class=\"elementor-widget-container\">\n\t\t\t\t\t\t\t<div class=\"elementor-spacer\">\n\t\t\t<div class=\"elementor-spacer-inner\"><\/div>\n\t\t<\/div>\n\t\t\t\t\t\t<\/div>\n\t\t\t\t<\/div>\n\t\t\t\t\t<\/div>\n\t\t<\/div>\n\t\t\t\t\t<\/div>\n\t\t<\/section>\n\t\t\t\t<section class=\"elementor-section elementor-top-section elementor-element elementor-element-42a2eb1 elementor-section-boxed elementor-section-height-default elementor-section-height-default\" data-id=\"42a2eb1\" data-element_type=\"section\" data-e-type=\"section\">\n\t\t\t\t\t\t<div class=\"elementor-container elementor-column-gap-default\">\n\t\t\t\t\t<div class=\"elementor-column elementor-col-100 elementor-top-column elementor-element elementor-element-afa787b\" data-id=\"afa787b\" data-element_type=\"column\" data-e-type=\"column\">\n\t\t\t<div class=\"elementor-widget-wrap elementor-element-populated\">\n\t\t\t\t\t\t<div class=\"elementor-element elementor-element-050ec0b elementor-skin-carousel elementor-arrows-yes elementor-pagination-type-bullets elementor-pagination-position-outside elementor-widget elementor-widget-media-carousel\" data-id=\"050ec0b\" data-element_type=\"widget\" data-e-type=\"widget\" data-settings=\"{&quot;autoplay_speed&quot;:3500,&quot;slides_per_view&quot;:&quot;3&quot;,&quot;skin&quot;:&quot;carousel&quot;,&quot;effect&quot;:&quot;slide&quot;,&quot;show_arrows&quot;:&quot;yes&quot;,&quot;pagination&quot;:&quot;bullets&quot;,&quot;speed&quot;:500,&quot;autoplay&quot;:&quot;yes&quot;,&quot;loop&quot;:&quot;yes&quot;,&quot;pause_on_hover&quot;:&quot;yes&quot;,&quot;pause_on_interaction&quot;:&quot;yes&quot;,&quot;space_between&quot;:{&quot;unit&quot;:&quot;px&quot;,&quot;size&quot;:10,&quot;sizes&quot;:[]},&quot;space_between_tablet&quot;:{&quot;unit&quot;:&quot;px&quot;,&quot;size&quot;:10,&quot;sizes&quot;:[]},&quot;space_between_mobile&quot;:{&quot;unit&quot;:&quot;px&quot;,&quot;size&quot;:10,&quot;sizes&quot;:[]}}\" data-widget_type=\"media-carousel.default\">\n\t\t\t\t<div class=\"elementor-widget-container\">\n\t\t\t\t\t\t\t\t\t<div class=\"elementor-swiper\">\n\t\t\t\t\t<div class=\"elementor-main-swiper swiper\" role=\"region\" aria-roledescription=\"carousel\" aria-label=\"Slides\">\n\t\t\t\t<div class=\"swiper-wrapper\">\n\t\t\t\t\t\t\t\t\t\t\t<div class=\"swiper-slide\" role=\"group\" aria-roledescription=\"slide\">\n\t\t\t\t\t\t\t<a href=\"https:\/\/afelbe.com\/wp-content\/uploads\/2026\/03\/IMG_8511.jpg\" data-elementor-open-lightbox=\"yes\" data-elementor-lightbox-slideshow=\"050ec0b\" data-elementor-lightbox-title=\"Lumora | Anima Lucis\" data-e-action-hash=\"#elementor-action%3Aaction%3Dlightbox%26settings%3DeyJpZCI6MTExODgsInVybCI6Imh0dHBzOlwvXC9hZmVsYmUuY29tXC93cC1jb250ZW50XC91cGxvYWRzXC8yMDI2XC8wM1wvSU1HXzg1MTEuanBnIiwic2xpZGVzaG93IjoiMDUwZWMwYiJ9\">\t\t<div class=\"elementor-carousel-image\" role=\"img\" aria-label=\"Lumora | Anima Lucis\" style=\"background-image: url(&#039;https:\/\/afelbe.com\/wp-content\/uploads\/2026\/03\/IMG_8511.jpg&#039;)\">\n\n\t\t\t\n\t\t\t\t\t<\/div>\n\t\t<\/a>\t\t\t\t\t\t<\/div>\n\t\t\t\t\t\t\t\t\t\t\t<div class=\"swiper-slide\" role=\"group\" aria-roledescription=\"slide\">\n\t\t\t\t\t\t\t<a href=\"https:\/\/afelbe.com\/wp-content\/uploads\/2026\/03\/IMG_8460.png\" data-elementor-open-lightbox=\"yes\" data-elementor-lightbox-slideshow=\"050ec0b\" data-elementor-lightbox-title=\"Lumora | Anima Lucis\" data-e-action-hash=\"#elementor-action%3Aaction%3Dlightbox%26settings%3DeyJpZCI6MTEyMDQsInVybCI6Imh0dHBzOlwvXC9hZmVsYmUuY29tXC93cC1jb250ZW50XC91cGxvYWRzXC8yMDI2XC8wM1wvSU1HXzg0NjAud2VicCIsInNsaWRlc2hvdyI6IjA1MGVjMGIifQ%3D%3D\">\t\t<div class=\"elementor-carousel-image\" role=\"img\" aria-label=\"Lumora | Anima Lucis\" style=\"background-image: url(&#039;https:\/\/afelbe.com\/wp-content\/uploads\/2026\/03\/IMG_8460.webp&#039;)\">\n\n\t\t\t\n\t\t\t\t\t<\/div>\n\t\t<\/a>\t\t\t\t\t\t<\/div>\n\t\t\t\t\t\t\t\t\t\t\t<div class=\"swiper-slide\" role=\"group\" aria-roledescription=\"slide\">\n\t\t\t\t\t\t\t<a href=\"https:\/\/afelbe.com\/wp-content\/uploads\/2026\/03\/IMG_8456.png\" data-elementor-open-lightbox=\"yes\" data-elementor-lightbox-slideshow=\"050ec0b\" data-elementor-lightbox-title=\"Lumora | Anima Lucis\" data-e-action-hash=\"#elementor-action%3Aaction%3Dlightbox%26settings%3DeyJpZCI6MTEyMTAsInVybCI6Imh0dHBzOlwvXC9hZmVsYmUuY29tXC93cC1jb250ZW50XC91cGxvYWRzXC8yMDI2XC8wM1wvSU1HXzg0NTYud2VicCIsInNsaWRlc2hvdyI6IjA1MGVjMGIifQ%3D%3D\">\t\t<div class=\"elementor-carousel-image\" role=\"img\" aria-label=\"Lumora | Anima Lucis\" style=\"background-image: url(&#039;https:\/\/afelbe.com\/wp-content\/uploads\/2026\/03\/IMG_8456.webp&#039;)\">\n\n\t\t\t\n\t\t\t\t\t<\/div>\n\t\t<\/a>\t\t\t\t\t\t<\/div>\n\t\t\t\t\t\t\t\t\t\t\t<div class=\"swiper-slide\" role=\"group\" aria-roledescription=\"slide\">\n\t\t\t\t\t\t\t<a href=\"https:\/\/afelbe.com\/wp-content\/uploads\/2026\/03\/IMG_8451.png\" data-elementor-open-lightbox=\"yes\" data-elementor-lightbox-slideshow=\"050ec0b\" data-elementor-lightbox-title=\"Lumora | Anima Lucis\" data-e-action-hash=\"#elementor-action%3Aaction%3Dlightbox%26settings%3DeyJpZCI6MTEyMTMsInVybCI6Imh0dHBzOlwvXC9hZmVsYmUuY29tXC93cC1jb250ZW50XC91cGxvYWRzXC8yMDI2XC8wM1wvSU1HXzg0NTEud2VicCIsInNsaWRlc2hvdyI6IjA1MGVjMGIifQ%3D%3D\">\t\t<div class=\"elementor-carousel-image\" role=\"img\" aria-label=\"Lumora | Anima Lucis\" style=\"background-image: url(&#039;https:\/\/afelbe.com\/wp-content\/uploads\/2026\/03\/IMG_8451.webp&#039;)\">\n\n\t\t\t\n\t\t\t\t\t<\/div>\n\t\t<\/a>\t\t\t\t\t\t<\/div>\n\t\t\t\t\t\t\t\t\t\t\t<div class=\"swiper-slide\" role=\"group\" aria-roledescription=\"slide\">\n\t\t\t\t\t\t\t<a href=\"https:\/\/afelbe.com\/wp-content\/uploads\/2026\/03\/IMG_8454.png\" data-elementor-open-lightbox=\"yes\" data-elementor-lightbox-slideshow=\"050ec0b\" data-elementor-lightbox-title=\"Lumora | Anima Lucis\" data-e-action-hash=\"#elementor-action%3Aaction%3Dlightbox%26settings%3DeyJpZCI6MTEyMTIsInVybCI6Imh0dHBzOlwvXC9hZmVsYmUuY29tXC93cC1jb250ZW50XC91cGxvYWRzXC8yMDI2XC8wM1wvSU1HXzg0NTQud2VicCIsInNsaWRlc2hvdyI6IjA1MGVjMGIifQ%3D%3D\">\t\t<div class=\"elementor-carousel-image\" role=\"img\" aria-label=\"Lumora | Anima Lucis\" style=\"background-image: url(&#039;https:\/\/afelbe.com\/wp-content\/uploads\/2026\/03\/IMG_8454.webp&#039;)\">\n\n\t\t\t\n\t\t\t\t\t<\/div>\n\t\t<\/a>\t\t\t\t\t\t<\/div>\n\t\t\t\t\t\t\t\t\t\t\t<div class=\"swiper-slide\" role=\"group\" aria-roledescription=\"slide\">\n\t\t\t\t\t\t\t<a href=\"https:\/\/afelbe.com\/wp-content\/uploads\/2026\/03\/IMG_8471.png\" data-elementor-open-lightbox=\"yes\" data-elementor-lightbox-slideshow=\"050ec0b\" data-elementor-lightbox-title=\"Lumora | Anima Lucis\" data-e-action-hash=\"#elementor-action%3Aaction%3Dlightbox%26settings%3DeyJpZCI6MTEyMDEsInVybCI6Imh0dHBzOlwvXC9hZmVsYmUuY29tXC93cC1jb250ZW50XC91cGxvYWRzXC8yMDI2XC8wM1wvSU1HXzg0NzEud2VicCIsInNsaWRlc2hvdyI6IjA1MGVjMGIifQ%3D%3D\">\t\t<div class=\"elementor-carousel-image\" role=\"img\" aria-label=\"Lumora | Anima Lucis\" style=\"background-image: url(&#039;https:\/\/afelbe.com\/wp-content\/uploads\/2026\/03\/IMG_8471.webp&#039;)\">\n\n\t\t\t\n\t\t\t\t\t<\/div>\n\t\t<\/a>\t\t\t\t\t\t<\/div>\n\t\t\t\t\t\t\t\t\t\t\t<div class=\"swiper-slide\" role=\"group\" aria-roledescription=\"slide\">\n\t\t\t\t\t\t\t<a href=\"https:\/\/afelbe.com\/wp-content\/uploads\/2026\/03\/IMG_8459.png\" data-elementor-open-lightbox=\"yes\" data-elementor-lightbox-slideshow=\"050ec0b\" data-elementor-lightbox-title=\"Lumora | Anima Lucis\" data-e-action-hash=\"#elementor-action%3Aaction%3Dlightbox%26settings%3DeyJpZCI6MTEyMDksInVybCI6Imh0dHBzOlwvXC9hZmVsYmUuY29tXC93cC1jb250ZW50XC91cGxvYWRzXC8yMDI2XC8wM1wvSU1HXzg0NTkud2VicCIsInNsaWRlc2hvdyI6IjA1MGVjMGIifQ%3D%3D\">\t\t<div class=\"elementor-carousel-image\" role=\"img\" aria-label=\"Lumora | Anima Lucis\" style=\"background-image: url(&#039;https:\/\/afelbe.com\/wp-content\/uploads\/2026\/03\/IMG_8459.webp&#039;)\">\n\n\t\t\t\n\t\t\t\t\t<\/div>\n\t\t<\/a>\t\t\t\t\t\t<\/div>\n\t\t\t\t\t\t\t\t\t\t\t<div class=\"swiper-slide\" role=\"group\" aria-roledescription=\"slide\">\n\t\t\t\t\t\t\t<a href=\"https:\/\/afelbe.com\/wp-content\/uploads\/2026\/03\/IMG_8455.png\" data-elementor-open-lightbox=\"yes\" data-elementor-lightbox-slideshow=\"050ec0b\" data-elementor-lightbox-title=\"Lumora | Anima Lucis\" data-e-action-hash=\"#elementor-action%3Aaction%3Dlightbox%26settings%3DeyJpZCI6MTEyMTEsInVybCI6Imh0dHBzOlwvXC9hZmVsYmUuY29tXC93cC1jb250ZW50XC91cGxvYWRzXC8yMDI2XC8wM1wvSU1HXzg0NTUud2VicCIsInNsaWRlc2hvdyI6IjA1MGVjMGIifQ%3D%3D\">\t\t<div class=\"elementor-carousel-image\" role=\"img\" aria-label=\"Lumora | Anima Lucis\" style=\"background-image: url(&#039;https:\/\/afelbe.com\/wp-content\/uploads\/2026\/03\/IMG_8455.webp&#039;)\">\n\n\t\t\t\n\t\t\t\t\t<\/div>\n\t\t<\/a>\t\t\t\t\t\t<\/div>\n\t\t\t\t\t\t\t\t\t<\/div>\n\t\t\t\t\t\t\t\t\t\t\t\t\t\t\t<div class=\"elementor-swiper-button elementor-swiper-button-prev\" role=\"button\" tabindex=\"0\" aria-label=\"F\u00f6reg\u00e5ende\">\n\t\t\t\t\t\t\t<i aria-hidden=\"true\" class=\"eicon-chevron-left\"><\/i>\t\t\t\t\t\t<\/div>\n\t\t\t\t\t\t<div class=\"elementor-swiper-button elementor-swiper-button-next\" role=\"button\" tabindex=\"0\" aria-label=\"N\u00e4sta\">\n\t\t\t\t\t\t\t<i aria-hidden=\"true\" class=\"eicon-chevron-right\"><\/i>\t\t\t\t\t\t<\/div>\n\t\t\t\t\t\t\t\t\t\t\t\t\t\t\t\t<div class=\"swiper-pagination\"><\/div>\n\t\t\t\t\t\t\t\t\t\t\t\t<\/div>\n\t\t\t\t<\/div>\n\t\t\t\t\t\t\t\t<\/div>\n\t\t\t\t<\/div>\n\t\t\t\t<div class=\"elementor-element elementor-element-f993fa2 elementor-widget elementor-widget-heading\" data-id=\"f993fa2\" data-element_type=\"widget\" data-e-type=\"widget\" data-widget_type=\"heading.default\">\n\t\t\t\t<div class=\"elementor-widget-container\">\n\t\t\t\t\t<h2 class=\"elementor-heading-title elementor-size-default\">85 000 kr<\/h2>\t\t\t\t<\/div>\n\t\t\t\t<\/div>\n\t\t\t\t<div class=\"elementor-element elementor-element-122fda8 elementor-widget elementor-widget-text-editor\" data-id=\"122fda8\" data-element_type=\"widget\" data-e-type=\"widget\" data-widget_type=\"text-editor.default\">\n\t\t\t\t<div class=\"elementor-widget-container\">\n\t\t\t\t\t\t\t\t\t<p>M\u00e5tt: 300 x 90 cm<\/p><p>Originalverk, 2025<\/p><p>Akryl och tusch p\u00e5 canvas<\/p>\t\t\t\t\t\t\t\t<\/div>\n\t\t\t\t<\/div>\n\t\t\t\t<div class=\"elementor-element elementor-element-81561cd elementor-widget elementor-widget-image\" data-id=\"81561cd\" data-element_type=\"widget\" data-e-type=\"widget\" data-widget_type=\"image.default\">\n\t\t\t\t<div class=\"elementor-widget-container\">\n\t\t\t\t\t\t\t\t\t\t\t\t\t\t\t\t<a href=\"https:\/\/afelbe.com\/kontakt\/\">\n\t\t\t\t\t\t\t<img decoding=\"async\" src=\"https:\/\/afelbe.com\/wp-content\/uploads\/elementor\/thumbs\/shopping-bag-icon-vector-19119167-e1619032876609-p6226rv1t8ssxlocua513xjec475dsl5n2ldhepjsk.jpeg\" title=\"Interested in buying\" alt=\"shopping bag - vector icon flat illustration eps10\" loading=\"lazy\" \/>\t\t\t\t\t\t\t\t<\/a>\n\t\t\t\t\t\t\t\t\t\t\t\t\t\t\t<\/div>\n\t\t\t\t<\/div>\n\t\t\t\t\t<\/div>\n\t\t<\/div>\n\t\t\t\t\t<\/div>\n\t\t<\/section>\n\t\t\t\t<section class=\"elementor-section elementor-top-section elementor-element elementor-element-8f17866 elementor-section-boxed elementor-section-height-default elementor-section-height-default\" data-id=\"8f17866\" data-element_type=\"section\" data-e-type=\"section\">\n\t\t\t\t\t\t<div class=\"elementor-container elementor-column-gap-default\">\n\t\t\t\t\t<div class=\"elementor-column elementor-col-100 elementor-top-column elementor-element elementor-element-7e80d93\" data-id=\"7e80d93\" data-element_type=\"column\" data-e-type=\"column\">\n\t\t\t<div class=\"elementor-widget-wrap elementor-element-populated\">\n\t\t\t\t\t\t<div class=\"elementor-element elementor-element-d594c83 elementor-widget elementor-widget-text-editor\" data-id=\"d594c83\" data-element_type=\"widget\" data-e-type=\"widget\" data-widget_type=\"text-editor.default\">\n\t\t\t\t<div class=\"elementor-widget-container\">\n\t\t\t\t\t\t\t\t\t<section class=\"elementor-section elementor-top-section elementor-element elementor-element-8f17866 elementor-section-boxed elementor-section-height-default elementor-section-height-default\" data-id=\"8f17866\" data-element_type=\"section\" data-e-type=\"section\"><div class=\"elementor-container elementor-column-gap-default\"><div class=\"elementor-column elementor-col-100 elementor-top-column elementor-element elementor-element-7e80d93\" data-id=\"7e80d93\" data-element_type=\"column\" data-e-type=\"column\"><div class=\"elementor-widget-wrap elementor-element-populated\"><div class=\"elementor-element elementor-element-d594c83 elementor-widget elementor-widget-text-editor\" data-id=\"d594c83\" data-element_type=\"widget\" data-e-type=\"widget\" data-widget_type=\"text-editor.default\"><div class=\"elementor-widget-container\"><section class=\"elementor-section elementor-top-section elementor-element elementor-element-8f17866 elementor-section-boxed elementor-section-height-default elementor-section-height-default\" data-id=\"8f17866\" data-element_type=\"section\" data-e-type=\"section\"><div class=\"elementor-container elementor-column-gap-default\"><div class=\"elementor-column elementor-col-100 elementor-top-column elementor-element elementor-element-7e80d93\" data-id=\"7e80d93\" data-element_type=\"column\" data-e-type=\"column\"><div class=\"elementor-widget-wrap elementor-element-populated\"><div class=\"elementor-element elementor-element-d594c83 elementor-widget elementor-widget-text-editor\" data-id=\"d594c83\" data-element_type=\"widget\" data-e-type=\"widget\" data-widget_type=\"text-editor.default\"><div class=\"elementor-widget-container\"><p>Intresserad av att k\u00f6pa?<\/p><\/div><\/div><\/div><\/div><\/div><\/section><\/div><\/div><\/div><\/div><\/div><\/section><section class=\"elementor-section elementor-top-section elementor-element elementor-element-2adf41ca elementor-section-boxed elementor-section-height-default elementor-section-height-default\" data-id=\"2adf41ca\" data-element_type=\"section\" data-e-type=\"section\"><div class=\"elementor-container elementor-column-gap-default\"><div class=\"elementor-column elementor-col-100 elementor-top-column elementor-element elementor-element-4ba4a9e3\" data-id=\"4ba4a9e3\" data-element_type=\"column\" data-e-type=\"column\"><div class=\"elementor-widget-wrap elementor-element-populated\"><div class=\"elementor-element elementor-element-31d1d3e elementor-widget elementor-widget-spacer\" data-id=\"31d1d3e\" data-element_type=\"widget\" data-e-type=\"widget\" data-widget_type=\"spacer.default\"><div class=\"elementor-widget-container\"><div class=\"elementor-spacer\">\u00a0<\/div><\/div><\/div><\/div><\/div><\/div><\/section>\t\t\t\t\t\t\t\t<\/div>\n\t\t\t\t<\/div>\n\t\t\t\t\t<\/div>\n\t\t<\/div>\n\t\t\t\t\t<\/div>\n\t\t<\/section>\n\t\t\t\t<section class=\"elementor-section elementor-top-section elementor-element elementor-element-2adf41ca elementor-section-boxed elementor-section-height-default elementor-section-height-default\" data-id=\"2adf41ca\" data-element_type=\"section\" data-e-type=\"section\">\n\t\t\t\t\t\t<div class=\"elementor-container elementor-column-gap-default\">\n\t\t\t\t\t<div class=\"elementor-column elementor-col-100 elementor-top-column elementor-element elementor-element-4ba4a9e3\" data-id=\"4ba4a9e3\" data-element_type=\"column\" data-e-type=\"column\">\n\t\t\t<div class=\"elementor-widget-wrap elementor-element-populated\">\n\t\t\t\t\t\t<div class=\"elementor-element elementor-element-31d1d3e elementor-widget elementor-widget-spacer\" data-id=\"31d1d3e\" data-element_type=\"widget\" data-e-type=\"widget\" data-widget_type=\"spacer.default\">\n\t\t\t\t<div class=\"elementor-widget-container\">\n\t\t\t\t\t\t\t<div class=\"elementor-spacer\">\n\t\t\t<div class=\"elementor-spacer-inner\"><\/div>\n\t\t<\/div>\n\t\t\t\t\t\t<\/div>\n\t\t\t\t<\/div>\n\t\t\t\t<div class=\"elementor-element elementor-element-6b4d8f74 elementor-cta--skin-classic elementor-animated-content elementor-bg-transform elementor-bg-transform-zoom-in elementor-widget elementor-widget-call-to-action\" data-id=\"6b4d8f74\" data-element_type=\"widget\" data-e-type=\"widget\" data-widget_type=\"call-to-action.default\">\n\t\t\t\t<div class=\"elementor-widget-container\">\n\t\t\t\t\t\t\t<a class=\"elementor-cta\" href=\"https:\/\/afelbe.com\/galleri\/\">\n\t\t\t\t\t<div class=\"elementor-cta__bg-wrapper\">\n\t\t\t\t<div class=\"elementor-cta__bg elementor-bg\" style=\"background-image: url(https:\/\/afelbe.com\/wp-content\/uploads\/2021\/09\/shutterstock_126935459-2048x1367.jpg);\" role=\"img\" aria-label=\"Galleri sv\"><\/div>\n\t\t\t\t<div class=\"elementor-cta__bg-overlay\"><\/div>\n\t\t\t<\/div>\n\t\t\t\t\t\t\t<div class=\"elementor-cta__content\">\n\t\t\t\t\n\t\t\t\t\t\t\t\t\t<h2 class=\"elementor-cta__title elementor-cta__content-item elementor-content-item\">\n\t\t\t\t\t\tTillbaka till Galleriet\t\t\t\t\t<\/h2>\n\t\t\t\t\n\t\t\t\t\n\t\t\t\t\t\t\t<\/div>\n\t\t\t\t\t\t<\/a>\n\t\t\t\t\t\t<\/div>\n\t\t\t\t<\/div>\n\t\t\t\t\t<\/div>\n\t\t<\/div>\n\t\t\t\t\t<\/div>\n\t\t<\/section>\n\t\t\t\t<section class=\"elementor-section elementor-top-section elementor-element elementor-element-ced42c6 elementor-section-boxed elementor-section-height-default elementor-section-height-default\" data-id=\"ced42c6\" data-element_type=\"section\" data-e-type=\"section\">\n\t\t\t\t\t\t<div class=\"elementor-container elementor-column-gap-default\">\n\t\t\t\t\t<div class=\"elementor-column elementor-col-100 elementor-top-column elementor-element elementor-element-a89683b\" data-id=\"a89683b\" data-element_type=\"column\" data-e-type=\"column\">\n\t\t\t<div class=\"elementor-widget-wrap\">\n\t\t\t\t\t\t\t<\/div>\n\t\t<\/div>\n\t\t\t\t\t<\/div>\n\t\t<\/section>\n\t\t\t\t<\/div>\n\t\t","protected":false},"excerpt":{"rendered":"<p>Anima Lucis af Elbe Anima Lucis \u2013 sj\u00e4l av ljus En gestaltning av ljuset som en inre k\u00e4rna \u2013 en kraft som inte bara syns utan ocks\u00e5 k\u00e4nns och b\u00e4rs inom oss. Det \u00e4r samma ljus som f\u00f6ljer oss genom tidens skiftningar, fr\u00e5n gryning till skymning, fr\u00e5n b\u00f6rjan till slut. Ett livets ljus som f\u00f6rbinder [&hellip;]<\/p>\n","protected":false},"author":2,"featured_media":0,"parent":0,"menu_order":0,"comment_status":"closed","ping_status":"closed","template":"","meta":{"footnotes":""},"class_list":["post-11279","page","type-page","status-publish","hentry"],"_links":{"self":[{"href":"https:\/\/afelbe.com\/en\/wp-json\/wp\/v2\/pages\/11279","targetHints":{"allow":["GET"]}}],"collection":[{"href":"https:\/\/afelbe.com\/en\/wp-json\/wp\/v2\/pages"}],"about":[{"href":"https:\/\/afelbe.com\/en\/wp-json\/wp\/v2\/types\/page"}],"author":[{"embeddable":true,"href":"https:\/\/afelbe.com\/en\/wp-json\/wp\/v2\/users\/2"}],"replies":[{"embeddable":true,"href":"https:\/\/afelbe.com\/en\/wp-json\/wp\/v2\/comments?post=11279"}],"version-history":[{"count":14,"href":"https:\/\/afelbe.com\/en\/wp-json\/wp\/v2\/pages\/11279\/revisions"}],"predecessor-version":[{"id":11347,"href":"https:\/\/afelbe.com\/en\/wp-json\/wp\/v2\/pages\/11279\/revisions\/11347"}],"wp:attachment":[{"href":"https:\/\/afelbe.com\/en\/wp-json\/wp\/v2\/media?parent=11279"}],"curies":[{"name":"wp","href":"https:\/\/api.w.org\/{rel}","templated":true}]}}