{"id":1545,"date":"2021-03-27T14:42:32","date_gmt":"2021-03-27T14:42:32","guid":{"rendered":"https:\/\/afelbe.com\/?page_id=1545"},"modified":"2022-10-27T08:25:40","modified_gmt":"2022-10-27T08:25:40","slug":"into-the-embers","status":"publish","type":"page","link":"https:\/\/afelbe.com\/en\/into-the-embers\/","title":{"rendered":"Into the Embers"},"content":{"rendered":"<div data-elementor-type=\"wp-page\" data-elementor-id=\"1545\" class=\"elementor elementor-1545\" data-elementor-post-type=\"page\">\n\t\t\t\t\t\t<section class=\"elementor-section elementor-top-section elementor-element elementor-element-b6e5dce elementor-section-height-min-height forced-fixed-width elementor-section-boxed elementor-section-height-default elementor-section-items-middle\" data-id=\"b6e5dce\" data-element_type=\"section\" data-e-type=\"section\" data-settings=\"{&quot;background_background&quot;:&quot;classic&quot;}\">\n\t\t\t\t\t\t\t<div class=\"elementor-background-overlay\"><\/div>\n\t\t\t\t\t\t\t<div class=\"elementor-container elementor-column-gap-default\">\n\t\t\t\t\t<div class=\"elementor-column elementor-col-100 elementor-top-column elementor-element elementor-element-23141ef\" data-id=\"23141ef\" data-element_type=\"column\" data-e-type=\"column\">\n\t\t\t<div class=\"elementor-widget-wrap elementor-element-populated\">\n\t\t\t\t\t\t<div class=\"elementor-element elementor-element-de08229 elementor-widget elementor-widget-heading\" data-id=\"de08229\" data-element_type=\"widget\" data-e-type=\"widget\" data-settings=\"{&quot;_animation&quot;:&quot;none&quot;,&quot;_animation_delay&quot;:800}\" data-widget_type=\"heading.default\">\n\t\t\t\t<div class=\"elementor-widget-container\">\n\t\t\t\t\t<h3 class=\"elementor-heading-title elementor-size-default\">Into the Embers<\/h3>\t\t\t\t<\/div>\n\t\t\t\t<\/div>\n\t\t\t\t<div class=\"elementor-element elementor-element-6fc7652 elementor-widget elementor-widget-heading\" data-id=\"6fc7652\" data-element_type=\"widget\" data-e-type=\"widget\" data-widget_type=\"heading.default\">\n\t\t\t\t<div class=\"elementor-widget-container\">\n\t\t\t\t\t<h2 class=\"elementor-heading-title elementor-size-default\">af Elbe<\/h2>\t\t\t\t<\/div>\n\t\t\t\t<\/div>\n\t\t\t\t\t<\/div>\n\t\t<\/div>\n\t\t\t\t\t<\/div>\n\t\t<\/section>\n\t\t\t\t<section class=\"elementor-section elementor-top-section elementor-element elementor-element-f3fab04 elementor-section-boxed elementor-section-height-default elementor-section-height-default\" data-id=\"f3fab04\" data-element_type=\"section\" data-e-type=\"section\">\n\t\t\t\t\t\t<div class=\"elementor-container elementor-column-gap-default\">\n\t\t\t\t\t<div class=\"elementor-column elementor-col-100 elementor-top-column elementor-element elementor-element-60e805e\" data-id=\"60e805e\" data-element_type=\"column\" data-e-type=\"column\">\n\t\t\t<div class=\"elementor-widget-wrap elementor-element-populated\">\n\t\t\t\t\t\t<div class=\"elementor-element elementor-element-b616e02 elementor-widget elementor-widget-spacer\" data-id=\"b616e02\" data-element_type=\"widget\" data-e-type=\"widget\" data-widget_type=\"spacer.default\">\n\t\t\t\t<div class=\"elementor-widget-container\">\n\t\t\t\t\t\t\t<div class=\"elementor-spacer\">\n\t\t\t<div class=\"elementor-spacer-inner\"><\/div>\n\t\t<\/div>\n\t\t\t\t\t\t<\/div>\n\t\t\t\t<\/div>\n\t\t\t\t<div class=\"elementor-element elementor-element-9510080 animated-slow elementor-invisible elementor-widget elementor-widget-text-editor\" data-id=\"9510080\" data-element_type=\"widget\" data-e-type=\"widget\" data-settings=\"{&quot;_animation&quot;:&quot;fadeIn&quot;,&quot;_animation_delay&quot;:800}\" data-widget_type=\"text-editor.default\">\n\t\t\t\t<div class=\"elementor-widget-container\">\n\t\t\t\t\t\t\t\t\t<p class=\"p1\">&#8221;Shifting through the ashes in search of a dying spark. Sometimes an ember is all we need, burning in spite of overwhelming odds. Ignite hope and become the flame, once again.<span class=\"Apple-converted-space\">\u00a0&#8221;<\/span><\/p>\t\t\t\t\t\t\t\t<\/div>\n\t\t\t\t<\/div>\n\t\t\t\t<div class=\"elementor-element elementor-element-2774b0c elementor-widget elementor-widget-spacer\" data-id=\"2774b0c\" data-element_type=\"widget\" data-e-type=\"widget\" data-widget_type=\"spacer.default\">\n\t\t\t\t<div class=\"elementor-widget-container\">\n\t\t\t\t\t\t\t<div class=\"elementor-spacer\">\n\t\t\t<div class=\"elementor-spacer-inner\"><\/div>\n\t\t<\/div>\n\t\t\t\t\t\t<\/div>\n\t\t\t\t<\/div>\n\t\t\t\t\t<\/div>\n\t\t<\/div>\n\t\t\t\t\t<\/div>\n\t\t<\/section>\n\t\t\t\t<section class=\"elementor-section elementor-top-section elementor-element elementor-element-003d5c6 elementor-section-boxed elementor-section-height-default elementor-section-height-default\" data-id=\"003d5c6\" data-element_type=\"section\" data-e-type=\"section\">\n\t\t\t\t\t\t<div class=\"elementor-container elementor-column-gap-default\">\n\t\t\t\t\t<div class=\"elementor-column elementor-col-100 elementor-top-column elementor-element elementor-element-e130d72\" data-id=\"e130d72\" data-element_type=\"column\" data-e-type=\"column\">\n\t\t\t<div class=\"elementor-widget-wrap elementor-element-populated\">\n\t\t\t\t\t\t<div class=\"elementor-element elementor-element-050ec0b elementor-skin-carousel elementor-arrows-yes elementor-pagination-type-bullets elementor-pagination-position-outside elementor-widget elementor-widget-media-carousel\" data-id=\"050ec0b\" data-element_type=\"widget\" data-e-type=\"widget\" data-settings=\"{&quot;skin&quot;:&quot;carousel&quot;,&quot;effect&quot;:&quot;slide&quot;,&quot;show_arrows&quot;:&quot;yes&quot;,&quot;pagination&quot;:&quot;bullets&quot;,&quot;speed&quot;:500,&quot;autoplay&quot;:&quot;yes&quot;,&quot;autoplay_speed&quot;:5000,&quot;loop&quot;:&quot;yes&quot;,&quot;pause_on_hover&quot;:&quot;yes&quot;,&quot;pause_on_interaction&quot;:&quot;yes&quot;,&quot;space_between&quot;:{&quot;unit&quot;:&quot;px&quot;,&quot;size&quot;:10,&quot;sizes&quot;:[]},&quot;space_between_tablet&quot;:{&quot;unit&quot;:&quot;px&quot;,&quot;size&quot;:10,&quot;sizes&quot;:[]},&quot;space_between_mobile&quot;:{&quot;unit&quot;:&quot;px&quot;,&quot;size&quot;:10,&quot;sizes&quot;:[]}}\" data-widget_type=\"media-carousel.default\">\n\t\t\t\t<div class=\"elementor-widget-container\">\n\t\t\t\t\t\t\t\t\t<div class=\"elementor-swiper\">\n\t\t\t\t\t<div class=\"elementor-main-swiper swiper\" role=\"region\" aria-roledescription=\"carousel\" aria-label=\"Slides\">\n\t\t\t\t<div class=\"swiper-wrapper\">\n\t\t\t\t\t\t\t\t\t\t\t<div class=\"swiper-slide\" role=\"group\" aria-roledescription=\"slide\">\n\t\t\t\t\t\t\t<a href=\"https:\/\/afelbe.com\/wp-content\/uploads\/2021\/02\/Into-the-embers-scaled.jpeg\" data-elementor-open-lightbox=\"yes\" data-elementor-lightbox-slideshow=\"050ec0b\" data-elementor-lightbox-title=\"&quot;Into the Embers&quot;\" data-elementor-lightbox-description=\"Original painting - 100x100 cm - SOLD\" data-e-action-hash=\"#elementor-action%3Aaction%3Dlightbox%26settings%3DeyJpZCI6MTI1NiwidXJsIjoiaHR0cHM6XC9cL2FmZWxiZS5jb21cL3dwLWNvbnRlbnRcL3VwbG9hZHNcLzIwMjFcLzAyXC9JbnRvLXRoZS1lbWJlcnMtc2NhbGVkLmpwZWciLCJzbGlkZXNob3ciOiIwNTBlYzBiIn0%3D\">\t\t<div class=\"elementor-carousel-image\" role=\"img\" aria-label=\"Into the Embers\" style=\"background-image: url(&#039;https:\/\/afelbe.com\/wp-content\/uploads\/2021\/02\/Into-the-embers-scaled.jpeg&#039;)\">\n\n\t\t\t\n\t\t\t\t\t<\/div>\n\t\t<\/a>\t\t\t\t\t\t<\/div>\n\t\t\t\t\t\t\t\t\t\t\t<div class=\"swiper-slide\" role=\"group\" aria-roledescription=\"slide\">\n\t\t\t\t\t\t\t<a href=\"https:\/\/afelbe.com\/wp-content\/uploads\/2021\/03\/IMG_6086.jpg\" data-elementor-open-lightbox=\"yes\" data-elementor-lightbox-slideshow=\"050ec0b\" data-elementor-lightbox-title=\"embers\" data-e-action-hash=\"#elementor-action%3Aaction%3Dlightbox%26settings%3DeyJpZCI6MjM4MSwidXJsIjoiaHR0cHM6XC9cL2FmZWxiZS5jb21cL3dwLWNvbnRlbnRcL3VwbG9hZHNcLzIwMjFcLzAzXC9JTUdfNjA4Ni5qcGciLCJzbGlkZXNob3ciOiIwNTBlYzBiIn0%3D\">\t\t<div class=\"elementor-carousel-image\" role=\"img\" aria-label=\"embers\" style=\"background-image: url(&#039;https:\/\/afelbe.com\/wp-content\/uploads\/2021\/03\/IMG_6086.jpg&#039;)\">\n\n\t\t\t\n\t\t\t\t\t<\/div>\n\t\t<\/a>\t\t\t\t\t\t<\/div>\n\t\t\t\t\t\t\t\t\t\t\t<div class=\"swiper-slide\" role=\"group\" aria-roledescription=\"slide\">\n\t\t\t\t\t\t\t<a href=\"https:\/\/afelbe.com\/wp-content\/uploads\/2021\/03\/IMG_6053.jpg\" data-elementor-open-lightbox=\"yes\" data-elementor-lightbox-slideshow=\"050ec0b\" data-elementor-lightbox-title=\"embers\" data-e-action-hash=\"#elementor-action%3Aaction%3Dlightbox%26settings%3DeyJpZCI6MjM3NiwidXJsIjoiaHR0cHM6XC9cL2FmZWxiZS5jb21cL3dwLWNvbnRlbnRcL3VwbG9hZHNcLzIwMjFcLzAzXC9JTUdfNjA1My5qcGciLCJzbGlkZXNob3ciOiIwNTBlYzBiIn0%3D\">\t\t<div class=\"elementor-carousel-image\" role=\"img\" aria-label=\"embers\" style=\"background-image: url(&#039;https:\/\/afelbe.com\/wp-content\/uploads\/2021\/03\/IMG_6053.jpg&#039;)\">\n\n\t\t\t\n\t\t\t\t\t<\/div>\n\t\t<\/a>\t\t\t\t\t\t<\/div>\n\t\t\t\t\t\t\t\t\t\t\t<div class=\"swiper-slide\" role=\"group\" aria-roledescription=\"slide\">\n\t\t\t\t\t\t\t<a href=\"https:\/\/afelbe.com\/wp-content\/uploads\/2021\/03\/IMG_6104.jpg\" data-elementor-open-lightbox=\"yes\" data-elementor-lightbox-slideshow=\"050ec0b\" data-elementor-lightbox-title=\"embers\" data-e-action-hash=\"#elementor-action%3Aaction%3Dlightbox%26settings%3DeyJpZCI6MjM0MiwidXJsIjoiaHR0cHM6XC9cL2FmZWxiZS5jb21cL3dwLWNvbnRlbnRcL3VwbG9hZHNcLzIwMjFcLzAzXC9JTUdfNjEwNC5qcGciLCJzbGlkZXNob3ciOiIwNTBlYzBiIn0%3D\">\t\t<div class=\"elementor-carousel-image\" role=\"img\" aria-label=\"embers\" style=\"background-image: url(&#039;https:\/\/afelbe.com\/wp-content\/uploads\/2021\/03\/IMG_6104.jpg&#039;)\">\n\n\t\t\t\n\t\t\t\t\t<\/div>\n\t\t<\/a>\t\t\t\t\t\t<\/div>\n\t\t\t\t\t\t\t\t\t\t\t<div class=\"swiper-slide\" role=\"group\" aria-roledescription=\"slide\">\n\t\t\t\t\t\t\t<a href=\"https:\/\/afelbe.com\/wp-content\/uploads\/2021\/03\/IMG_6095.jpg\" data-elementor-open-lightbox=\"yes\" data-elementor-lightbox-slideshow=\"050ec0b\" data-elementor-lightbox-title=\"embers\" data-e-action-hash=\"#elementor-action%3Aaction%3Dlightbox%26settings%3DeyJpZCI6MjM3MCwidXJsIjoiaHR0cHM6XC9cL2FmZWxiZS5jb21cL3dwLWNvbnRlbnRcL3VwbG9hZHNcLzIwMjFcLzAzXC9JTUdfNjA5NS5qcGciLCJzbGlkZXNob3ciOiIwNTBlYzBiIn0%3D\">\t\t<div class=\"elementor-carousel-image\" role=\"img\" aria-label=\"embers\" style=\"background-image: url(&#039;https:\/\/afelbe.com\/wp-content\/uploads\/2021\/03\/IMG_6095.jpg&#039;)\">\n\n\t\t\t\n\t\t\t\t\t<\/div>\n\t\t<\/a>\t\t\t\t\t\t<\/div>\n\t\t\t\t\t\t\t\t\t\t\t<div class=\"swiper-slide\" role=\"group\" aria-roledescription=\"slide\">\n\t\t\t\t\t\t\t<a href=\"https:\/\/afelbe.com\/wp-content\/uploads\/2021\/03\/IMG_6085-scaled.jpg\" data-elementor-open-lightbox=\"yes\" data-elementor-lightbox-slideshow=\"050ec0b\" data-elementor-lightbox-title=\"embers\" data-e-action-hash=\"#elementor-action%3Aaction%3Dlightbox%26settings%3DeyJpZCI6MjM3MiwidXJsIjoiaHR0cHM6XC9cL2FmZWxiZS5jb21cL3dwLWNvbnRlbnRcL3VwbG9hZHNcLzIwMjFcLzAzXC9JTUdfNjA4NS1zY2FsZWQuanBnIiwic2xpZGVzaG93IjoiMDUwZWMwYiJ9\">\t\t<div class=\"elementor-carousel-image\" role=\"img\" aria-label=\"embers\" style=\"background-image: url(&#039;https:\/\/afelbe.com\/wp-content\/uploads\/2021\/03\/IMG_6085-scaled.jpg&#039;)\">\n\n\t\t\t\n\t\t\t\t\t<\/div>\n\t\t<\/a>\t\t\t\t\t\t<\/div>\n\t\t\t\t\t\t\t\t\t<\/div>\n\t\t\t\t\t\t\t\t\t\t\t\t\t\t\t<div class=\"elementor-swiper-button elementor-swiper-button-prev\" role=\"button\" tabindex=\"0\" aria-label=\"Previous\" data-no-translation-aria-label=\"\">\n\t\t\t\t\t\t\t<i aria-hidden=\"true\" class=\"eicon-chevron-left\"><\/i>\t\t\t\t\t\t<\/div>\n\t\t\t\t\t\t<div class=\"elementor-swiper-button elementor-swiper-button-next\" role=\"button\" tabindex=\"0\" aria-label=\"Next\" data-no-translation-aria-label=\"\">\n\t\t\t\t\t\t\t<i aria-hidden=\"true\" class=\"eicon-chevron-right\"><\/i>\t\t\t\t\t\t<\/div>\n\t\t\t\t\t\t\t\t\t\t\t\t\t\t\t\t<div class=\"swiper-pagination\"><\/div>\n\t\t\t\t\t\t\t\t\t\t\t\t<\/div>\n\t\t\t\t<\/div>\n\t\t\t\t\t\t\t\t<\/div>\n\t\t\t\t<\/div>\n\t\t\t\t\t<\/div>\n\t\t<\/div>\n\t\t\t\t\t<\/div>\n\t\t<\/section>\n\t\t\t\t<section class=\"elementor-section elementor-top-section elementor-element elementor-element-71bbaa9 elementor-section-boxed elementor-section-height-default elementor-section-height-default\" data-id=\"71bbaa9\" data-element_type=\"section\" data-e-type=\"section\">\n\t\t\t\t\t\t<div class=\"elementor-container elementor-column-gap-default\">\n\t\t\t\t\t<div class=\"elementor-column elementor-col-100 elementor-top-column elementor-element elementor-element-9db219b\" data-id=\"9db219b\" data-element_type=\"column\" data-e-type=\"column\">\n\t\t\t<div class=\"elementor-widget-wrap elementor-element-populated\">\n\t\t\t\t\t\t<div class=\"elementor-element elementor-element-5a74f96 elementor-widget elementor-widget-spacer\" data-id=\"5a74f96\" data-element_type=\"widget\" data-e-type=\"widget\" data-widget_type=\"spacer.default\">\n\t\t\t\t<div class=\"elementor-widget-container\">\n\t\t\t\t\t\t\t<div class=\"elementor-spacer\">\n\t\t\t<div class=\"elementor-spacer-inner\"><\/div>\n\t\t<\/div>\n\t\t\t\t\t\t<\/div>\n\t\t\t\t<\/div>\n\t\t\t\t\t<\/div>\n\t\t<\/div>\n\t\t\t\t\t<\/div>\n\t\t<\/section>\n\t\t\t\t<section class=\"elementor-section elementor-top-section elementor-element elementor-element-8500786 elementor-section-boxed elementor-section-height-default elementor-section-height-default\" data-id=\"8500786\" data-element_type=\"section\" data-e-type=\"section\">\n\t\t\t\t\t\t<div class=\"elementor-container elementor-column-gap-default\">\n\t\t\t\t\t<div class=\"elementor-column elementor-col-100 elementor-top-column elementor-element elementor-element-7f5e4c2\" data-id=\"7f5e4c2\" data-element_type=\"column\" data-e-type=\"column\">\n\t\t\t<div class=\"elementor-widget-wrap elementor-element-populated\">\n\t\t\t\t\t\t<div class=\"elementor-element elementor-element-80a0a98 elementor-widget elementor-widget-heading\" data-id=\"80a0a98\" data-element_type=\"widget\" data-e-type=\"widget\" data-widget_type=\"heading.default\">\n\t\t\t\t<div class=\"elementor-widget-container\">\n\t\t\t\t\t<h2 class=\"elementor-heading-title elementor-size-default\">Sold<\/h2>\t\t\t\t<\/div>\n\t\t\t\t<\/div>\n\t\t\t\t<div class=\"elementor-element elementor-element-6f4c5e7 elementor-widget elementor-widget-text-editor\" data-id=\"6f4c5e7\" data-element_type=\"widget\" data-e-type=\"widget\" data-widget_type=\"text-editor.default\">\n\t\t\t\t<div class=\"elementor-widget-container\">\n\t\t\t\t\t\t\t\t\t<p>Size: 100x100 cm<\/p>\t\t\t\t\t\t\t\t<\/div>\n\t\t\t\t<\/div>\n\t\t\t\t<div class=\"elementor-element elementor-element-a4f984b elementor-widget elementor-widget-image\" data-id=\"a4f984b\" data-element_type=\"widget\" data-e-type=\"widget\" data-widget_type=\"image.default\">\n\t\t\t\t<div class=\"elementor-widget-container\">\n\t\t\t\t\t\t\t\t\t\t\t\t\t\t\t<img decoding=\"async\" src=\"https:\/\/afelbe.com\/wp-content\/uploads\/elementor\/thumbs\/shopping-bag-icon-vector-19119167-e1619032876609-p6226rv1t8ssxlocua513xjec475dsl5n2ldhepjsk.jpeg\" title=\"Interested in buying\" alt=\"shopping bag - vector icon flat illustration eps10\" loading=\"lazy\" \/>\t\t\t\t\t\t\t\t\t\t\t\t\t\t\t<\/div>\n\t\t\t\t<\/div>\n\t\t\t\t<div class=\"elementor-element elementor-element-fbbe4a4 elementor-widget elementor-widget-text-editor\" data-id=\"fbbe4a4\" data-element_type=\"widget\" data-e-type=\"widget\" data-widget_type=\"text-editor.default\">\n\t\t\t\t<div class=\"elementor-widget-container\">\n\t\t\t\t\t\t\t\t\t<p>Private collection - V\u00e4xj\u00f6, Sweden<\/p>\t\t\t\t\t\t\t\t<\/div>\n\t\t\t\t<\/div>\n\t\t\t\t\t<\/div>\n\t\t<\/div>\n\t\t\t\t\t<\/div>\n\t\t<\/section>\n\t\t\t\t<section class=\"elementor-section elementor-top-section elementor-element elementor-element-2bc1e54 elementor-section-boxed elementor-section-height-default elementor-section-height-default\" data-id=\"2bc1e54\" data-element_type=\"section\" data-e-type=\"section\">\n\t\t\t\t\t\t<div class=\"elementor-container elementor-column-gap-default\">\n\t\t\t\t\t<div class=\"elementor-column elementor-col-100 elementor-top-column elementor-element elementor-element-593a48a\" data-id=\"593a48a\" data-element_type=\"column\" data-e-type=\"column\">\n\t\t\t<div class=\"elementor-widget-wrap elementor-element-populated\">\n\t\t\t\t\t\t<div class=\"elementor-element elementor-element-bf2ae79 elementor-widget elementor-widget-spacer\" data-id=\"bf2ae79\" data-element_type=\"widget\" data-e-type=\"widget\" data-widget_type=\"spacer.default\">\n\t\t\t\t<div class=\"elementor-widget-container\">\n\t\t\t\t\t\t\t<div class=\"elementor-spacer\">\n\t\t\t<div class=\"elementor-spacer-inner\"><\/div>\n\t\t<\/div>\n\t\t\t\t\t\t<\/div>\n\t\t\t\t<\/div>\n\t\t\t\t\t<\/div>\n\t\t<\/div>\n\t\t\t\t\t<\/div>\n\t\t<\/section>\n\t\t\t\t<section class=\"elementor-section elementor-top-section elementor-element elementor-element-601e903d elementor-section-boxed elementor-section-height-default elementor-section-height-default\" data-id=\"601e903d\" data-element_type=\"section\" data-e-type=\"section\">\n\t\t\t\t\t\t<div class=\"elementor-container elementor-column-gap-default\">\n\t\t\t\t\t<div class=\"elementor-column elementor-col-100 elementor-top-column elementor-element elementor-element-5c3673bb\" data-id=\"5c3673bb\" data-element_type=\"column\" data-e-type=\"column\">\n\t\t\t<div class=\"elementor-widget-wrap elementor-element-populated\">\n\t\t\t\t\t\t<div class=\"elementor-element elementor-element-6129a7c3 elementor-cta--skin-classic elementor-animated-content elementor-bg-transform elementor-bg-transform-zoom-in elementor-widget elementor-widget-call-to-action\" data-id=\"6129a7c3\" data-element_type=\"widget\" data-e-type=\"widget\" data-widget_type=\"call-to-action.default\">\n\t\t\t\t<div class=\"elementor-widget-container\">\n\t\t\t\t\t\t\t<a class=\"elementor-cta\" href=\"https:\/\/afelbe.com\/en\/galleri\/\">\n\t\t\t\t\t<div class=\"elementor-cta__bg-wrapper\">\n\t\t\t\t<div class=\"elementor-cta__bg elementor-bg\" style=\"background-image: url(https:\/\/afelbe.com\/wp-content\/uploads\/2021\/09\/shutterstock_126935459-2048x1367.jpg);\" role=\"img\" aria-label=\"Galleri sv\"><\/div>\n\t\t\t\t<div class=\"elementor-cta__bg-overlay\"><\/div>\n\t\t\t<\/div>\n\t\t\t\t\t\t\t<div class=\"elementor-cta__content\">\n\t\t\t\t\n\t\t\t\t\t\t\t\t\t<h2 class=\"elementor-cta__title elementor-cta__content-item elementor-content-item\">\n\t\t\t\t\t\tBack to Gallery\t\t\t\t\t<\/h2>\n\t\t\t\t\n\t\t\t\t\n\t\t\t\t\t\t\t<\/div>\n\t\t\t\t\t\t<\/a>\n\t\t\t\t\t\t<\/div>\n\t\t\t\t<\/div>\n\t\t\t\t\t<\/div>\n\t\t<\/div>\n\t\t\t\t\t<\/div>\n\t\t<\/section>\n\t\t\t\t<\/div>","protected":false},"excerpt":{"rendered":"<p>Into the Embers af Elbe &#8221;Shifting through the ashes in search of a dying spark. Sometimes an ember is all we need, burning in spite of overwhelming odds. Ignite hope and become the flame, once again.\u00a0&#8221; Previous Next S\u00e5ld M\u00e5tt: 100&#215;100 cm Privat samling &#8211; V\u00e4xj\u00f6, Sverige Tillbaka till Galleriet<\/p>","protected":false},"author":2,"featured_media":0,"parent":0,"menu_order":0,"comment_status":"closed","ping_status":"closed","template":"","meta":{"footnotes":""},"class_list":["post-1545","page","type-page","status-publish","hentry"],"_links":{"self":[{"href":"https:\/\/afelbe.com\/en\/wp-json\/wp\/v2\/pages\/1545","targetHints":{"allow":["GET"]}}],"collection":[{"href":"https:\/\/afelbe.com\/en\/wp-json\/wp\/v2\/pages"}],"about":[{"href":"https:\/\/afelbe.com\/en\/wp-json\/wp\/v2\/types\/page"}],"author":[{"embeddable":true,"href":"https:\/\/afelbe.com\/en\/wp-json\/wp\/v2\/users\/2"}],"replies":[{"embeddable":true,"href":"https:\/\/afelbe.com\/en\/wp-json\/wp\/v2\/comments?post=1545"}],"version-history":[{"count":55,"href":"https:\/\/afelbe.com\/en\/wp-json\/wp\/v2\/pages\/1545\/revisions"}],"predecessor-version":[{"id":8171,"href":"https:\/\/afelbe.com\/en\/wp-json\/wp\/v2\/pages\/1545\/revisions\/8171"}],"wp:attachment":[{"href":"https:\/\/afelbe.com\/en\/wp-json\/wp\/v2\/media?parent=1545"}],"curies":[{"name":"wp","href":"https:\/\/api.w.org\/{rel}","templated":true}]}}