{"id":2196,"date":"2021-03-22T19:13:15","date_gmt":"2021-03-22T19:13:15","guid":{"rendered":"https:\/\/afelbe.com\/?page_id=2196"},"modified":"2025-07-14T07:58:15","modified_gmt":"2025-07-14T07:58:15","slug":"into-the-dawn","status":"publish","type":"page","link":"https:\/\/afelbe.com\/en\/into-the-dawn\/","title":{"rendered":"Into the Dawn"},"content":{"rendered":"<div data-elementor-type=\"wp-page\" data-elementor-id=\"2196\" class=\"elementor elementor-2196\" data-elementor-post-type=\"page\">\n\t\t\t\t\t\t<section class=\"elementor-section elementor-top-section elementor-element elementor-element-e11ca69 elementor-section-height-min-height forced-fixed-width elementor-section-boxed elementor-section-height-default elementor-section-items-middle\" data-id=\"e11ca69\" data-element_type=\"section\" data-e-type=\"section\" data-settings=\"{&quot;background_background&quot;:&quot;classic&quot;}\">\n\t\t\t\t\t\t\t<div class=\"elementor-background-overlay\"><\/div>\n\t\t\t\t\t\t\t<div class=\"elementor-container elementor-column-gap-default\">\n\t\t\t\t\t<div class=\"elementor-column elementor-col-100 elementor-top-column elementor-element elementor-element-492b715c\" data-id=\"492b715c\" data-element_type=\"column\" data-e-type=\"column\">\n\t\t\t<div class=\"elementor-widget-wrap elementor-element-populated\">\n\t\t\t\t\t\t<div class=\"elementor-element elementor-element-6df134fc elementor-widget elementor-widget-heading\" data-id=\"6df134fc\" data-element_type=\"widget\" data-e-type=\"widget\" data-settings=\"{&quot;_animation&quot;:&quot;none&quot;,&quot;_animation_delay&quot;:800}\" data-widget_type=\"heading.default\">\n\t\t\t\t<div class=\"elementor-widget-container\">\n\t\t\t\t\t<h3 class=\"elementor-heading-title elementor-size-default\">Into the Dawn<\/h3>\t\t\t\t<\/div>\n\t\t\t\t<\/div>\n\t\t\t\t<div class=\"elementor-element elementor-element-751d8b1 elementor-widget elementor-widget-heading\" data-id=\"751d8b1\" data-element_type=\"widget\" data-e-type=\"widget\" data-widget_type=\"heading.default\">\n\t\t\t\t<div class=\"elementor-widget-container\">\n\t\t\t\t\t<h2 class=\"elementor-heading-title elementor-size-default\">af Elbe<\/h2>\t\t\t\t<\/div>\n\t\t\t\t<\/div>\n\t\t\t\t\t<\/div>\n\t\t<\/div>\n\t\t\t\t\t<\/div>\n\t\t<\/section>\n\t\t\t\t<section class=\"elementor-section elementor-top-section elementor-element elementor-element-f3fab04 elementor-section-boxed elementor-section-height-default elementor-section-height-default\" data-id=\"f3fab04\" data-element_type=\"section\" data-e-type=\"section\">\n\t\t\t\t\t\t<div class=\"elementor-container elementor-column-gap-default\">\n\t\t\t\t\t<div class=\"elementor-column elementor-col-100 elementor-top-column elementor-element elementor-element-60e805e\" data-id=\"60e805e\" data-element_type=\"column\" data-e-type=\"column\">\n\t\t\t<div class=\"elementor-widget-wrap elementor-element-populated\">\n\t\t\t\t\t\t<div class=\"elementor-element elementor-element-b616e02 elementor-widget elementor-widget-spacer\" data-id=\"b616e02\" data-element_type=\"widget\" data-e-type=\"widget\" data-widget_type=\"spacer.default\">\n\t\t\t\t<div class=\"elementor-widget-container\">\n\t\t\t\t\t\t\t<div class=\"elementor-spacer\">\n\t\t\t<div class=\"elementor-spacer-inner\"><\/div>\n\t\t<\/div>\n\t\t\t\t\t\t<\/div>\n\t\t\t\t<\/div>\n\t\t\t\t<div class=\"elementor-element elementor-element-9510080 animated-slow elementor-invisible elementor-widget elementor-widget-text-editor\" data-id=\"9510080\" data-element_type=\"widget\" data-e-type=\"widget\" data-settings=\"{&quot;_animation&quot;:&quot;fadeIn&quot;,&quot;_animation_delay&quot;:800}\" data-widget_type=\"text-editor.default\">\n\t\t\t\t<div class=\"elementor-widget-container\">\n\t\t\t\t\t\t\t\t\t<p>\u201d With a promise of a new beginning, she rises in the east, the masterpiece of the rosy dawn.<span class=\"Apple-converted-space\">&nbsp; <\/span>The mystery is there in her eternity as she offers us the might-have-beens that still might be.\u201d<span class=\"Apple-converted-space\">&nbsp;<\/span><\/p>\t\t\t\t\t\t\t\t<\/div>\n\t\t\t\t<\/div>\n\t\t\t\t<div class=\"elementor-element elementor-element-2774b0c elementor-widget elementor-widget-spacer\" data-id=\"2774b0c\" data-element_type=\"widget\" data-e-type=\"widget\" data-widget_type=\"spacer.default\">\n\t\t\t\t<div class=\"elementor-widget-container\">\n\t\t\t\t\t\t\t<div class=\"elementor-spacer\">\n\t\t\t<div class=\"elementor-spacer-inner\"><\/div>\n\t\t<\/div>\n\t\t\t\t\t\t<\/div>\n\t\t\t\t<\/div>\n\t\t\t\t\t<\/div>\n\t\t<\/div>\n\t\t\t\t\t<\/div>\n\t\t<\/section>\n\t\t\t\t<section class=\"elementor-section elementor-top-section elementor-element elementor-element-003d5c6 elementor-section-boxed elementor-section-height-default elementor-section-height-default\" data-id=\"003d5c6\" data-element_type=\"section\" data-e-type=\"section\">\n\t\t\t\t\t\t<div class=\"elementor-container elementor-column-gap-default\">\n\t\t\t\t\t<div class=\"elementor-column elementor-col-100 elementor-top-column elementor-element elementor-element-e130d72\" data-id=\"e130d72\" data-element_type=\"column\" data-e-type=\"column\">\n\t\t\t<div class=\"elementor-widget-wrap elementor-element-populated\">\n\t\t\t\t\t\t<div class=\"elementor-element elementor-element-050ec0b elementor-skin-carousel elementor-arrows-yes elementor-pagination-type-bullets elementor-pagination-position-outside elementor-widget elementor-widget-media-carousel\" data-id=\"050ec0b\" data-element_type=\"widget\" data-e-type=\"widget\" data-settings=\"{&quot;autoplay_speed&quot;:3500,&quot;skin&quot;:&quot;carousel&quot;,&quot;effect&quot;:&quot;slide&quot;,&quot;show_arrows&quot;:&quot;yes&quot;,&quot;pagination&quot;:&quot;bullets&quot;,&quot;speed&quot;:500,&quot;autoplay&quot;:&quot;yes&quot;,&quot;loop&quot;:&quot;yes&quot;,&quot;pause_on_hover&quot;:&quot;yes&quot;,&quot;pause_on_interaction&quot;:&quot;yes&quot;,&quot;space_between&quot;:{&quot;unit&quot;:&quot;px&quot;,&quot;size&quot;:10,&quot;sizes&quot;:[]},&quot;space_between_tablet&quot;:{&quot;unit&quot;:&quot;px&quot;,&quot;size&quot;:10,&quot;sizes&quot;:[]},&quot;space_between_mobile&quot;:{&quot;unit&quot;:&quot;px&quot;,&quot;size&quot;:10,&quot;sizes&quot;:[]}}\" data-widget_type=\"media-carousel.default\">\n\t\t\t\t<div class=\"elementor-widget-container\">\n\t\t\t\t\t\t\t\t\t<div class=\"elementor-swiper\">\n\t\t\t\t\t<div class=\"elementor-main-swiper swiper\" role=\"region\" aria-roledescription=\"carousel\" aria-label=\"Slides\">\n\t\t\t\t<div class=\"swiper-wrapper\">\n\t\t\t\t\t\t\t\t\t\t\t<div class=\"swiper-slide\" role=\"group\" aria-roledescription=\"slide\">\n\t\t\t\t\t\t\t<a href=\"https:\/\/afelbe.com\/wp-content\/uploads\/2021\/03\/Dawn-scaled.jpg\" data-elementor-open-lightbox=\"yes\" data-elementor-lightbox-slideshow=\"050ec0b\" data-elementor-lightbox-title=\"Into the Dawn\" data-elementor-lightbox-description=\"Original painting - 100x100 cm -1500\u20ac \" data-e-action-hash=\"#elementor-action%3Aaction%3Dlightbox%26settings%3DeyJpZCI6MjE4NywidXJsIjoiaHR0cHM6XC9cL2FmZWxiZS5jb21cL3dwLWNvbnRlbnRcL3VwbG9hZHNcLzIwMjFcLzAzXC9EYXduLXNjYWxlZC5qcGciLCJzbGlkZXNob3ciOiIwNTBlYzBiIn0%3D\">\t\t<div class=\"elementor-carousel-image\" role=\"img\" aria-label=\"&quot;Into the Dawn&quot;\" style=\"background-image: url(&#039;https:\/\/afelbe.com\/wp-content\/uploads\/2021\/03\/Dawn-scaled.jpg&#039;)\">\n\n\t\t\t\n\t\t\t\t\t<\/div>\n\t\t<\/a>\t\t\t\t\t\t<\/div>\n\t\t\t\t\t\t\t\t\t\t\t<div class=\"swiper-slide\" role=\"group\" aria-roledescription=\"slide\">\n\t\t\t\t\t\t\t<a href=\"https:\/\/afelbe.com\/wp-content\/uploads\/2022\/06\/IMG_4418.jpg\" data-elementor-open-lightbox=\"yes\" data-elementor-lightbox-slideshow=\"050ec0b\" data-elementor-lightbox-title=\"Dawn\" data-e-action-hash=\"#elementor-action%3Aaction%3Dlightbox%26settings%3DeyJpZCI6NzM2MiwidXJsIjoiaHR0cHM6XC9cL2FmZWxiZS5jb21cL3dwLWNvbnRlbnRcL3VwbG9hZHNcLzIwMjJcLzA2XC9JTUdfNDQxOC5qcGciLCJzbGlkZXNob3ciOiIwNTBlYzBiIn0%3D\">\t\t<div class=\"elementor-carousel-image\" role=\"img\" aria-label=\"Dawn\" style=\"background-image: url(&#039;https:\/\/afelbe.com\/wp-content\/uploads\/2022\/06\/IMG_4418.jpg&#039;)\">\n\n\t\t\t\n\t\t\t\t\t<\/div>\n\t\t<\/a>\t\t\t\t\t\t<\/div>\n\t\t\t\t\t\t\t\t\t\t\t<div class=\"swiper-slide\" role=\"group\" aria-roledescription=\"slide\">\n\t\t\t\t\t\t\t<a href=\"https:\/\/afelbe.com\/wp-content\/uploads\/2021\/03\/IMG_5937.jpg\" data-elementor-open-lightbox=\"yes\" data-elementor-lightbox-slideshow=\"050ec0b\" data-elementor-lightbox-title=\"dawn\" data-e-action-hash=\"#elementor-action%3Aaction%3Dlightbox%26settings%3DeyJpZCI6MjI1OCwidXJsIjoiaHR0cHM6XC9cL2FmZWxiZS5jb21cL3dwLWNvbnRlbnRcL3VwbG9hZHNcLzIwMjFcLzAzXC9JTUdfNTkzNy5qcGciLCJzbGlkZXNob3ciOiIwNTBlYzBiIn0%3D\">\t\t<div class=\"elementor-carousel-image\" role=\"img\" aria-label=\"dawn\" style=\"background-image: url(&#039;https:\/\/afelbe.com\/wp-content\/uploads\/2021\/03\/IMG_5937.jpg&#039;)\">\n\n\t\t\t\n\t\t\t\t\t<\/div>\n\t\t<\/a>\t\t\t\t\t\t<\/div>\n\t\t\t\t\t\t\t\t\t\t\t<div class=\"swiper-slide\" role=\"group\" aria-roledescription=\"slide\">\n\t\t\t\t\t\t\t<a href=\"https:\/\/afelbe.com\/wp-content\/uploads\/2022\/06\/IMG_4682-e1654175302160.jpg\" data-elementor-open-lightbox=\"yes\" data-elementor-lightbox-slideshow=\"050ec0b\" data-elementor-lightbox-title=\"Dawn\" data-e-action-hash=\"#elementor-action%3Aaction%3Dlightbox%26settings%3DeyJpZCI6NzM2OCwidXJsIjoiaHR0cHM6XC9cL2FmZWxiZS5jb21cL3dwLWNvbnRlbnRcL3VwbG9hZHNcLzIwMjJcLzA2XC9JTUdfNDY4Mi1lMTY1NDE3NTMwMjE2MC5qcGciLCJzbGlkZXNob3ciOiIwNTBlYzBiIn0%3D\">\t\t<div class=\"elementor-carousel-image\" role=\"img\" aria-label=\"Dawn\" style=\"background-image: url(&#039;https:\/\/afelbe.com\/wp-content\/uploads\/2022\/06\/IMG_4682-e1654175302160.jpg&#039;)\">\n\n\t\t\t\n\t\t\t\t\t<\/div>\n\t\t<\/a>\t\t\t\t\t\t<\/div>\n\t\t\t\t\t\t\t\t\t\t\t<div class=\"swiper-slide\" role=\"group\" aria-roledescription=\"slide\">\n\t\t\t\t\t\t\t<a href=\"https:\/\/afelbe.com\/wp-content\/uploads\/2022\/06\/IMG_4715.jpg\" data-elementor-open-lightbox=\"yes\" data-elementor-lightbox-slideshow=\"050ec0b\" data-elementor-lightbox-title=\"Dawn\" data-e-action-hash=\"#elementor-action%3Aaction%3Dlightbox%26settings%3DeyJpZCI6NzM2NiwidXJsIjoiaHR0cHM6XC9cL2FmZWxiZS5jb21cL3dwLWNvbnRlbnRcL3VwbG9hZHNcLzIwMjJcLzA2XC9JTUdfNDcxNS5qcGciLCJzbGlkZXNob3ciOiIwNTBlYzBiIn0%3D\">\t\t<div class=\"elementor-carousel-image\" role=\"img\" aria-label=\"Dawn\" style=\"background-image: url(&#039;https:\/\/afelbe.com\/wp-content\/uploads\/2022\/06\/IMG_4715.jpg&#039;)\">\n\n\t\t\t\n\t\t\t\t\t<\/div>\n\t\t<\/a>\t\t\t\t\t\t<\/div>\n\t\t\t\t\t\t\t\t\t\t\t<div class=\"swiper-slide\" role=\"group\" aria-roledescription=\"slide\">\n\t\t\t\t\t\t\t<a href=\"https:\/\/afelbe.com\/wp-content\/uploads\/2022\/11\/IMG_7605-scaled.jpg\" data-elementor-open-lightbox=\"yes\" data-elementor-lightbox-slideshow=\"050ec0b\" data-elementor-lightbox-title=\"Dawn\" data-e-action-hash=\"#elementor-action%3Aaction%3Dlightbox%26settings%3DeyJpZCI6ODI5MywidXJsIjoiaHR0cHM6XC9cL2FmZWxiZS5jb21cL3dwLWNvbnRlbnRcL3VwbG9hZHNcLzIwMjJcLzExXC9JTUdfNzYwNS1zY2FsZWQuanBnIiwic2xpZGVzaG93IjoiMDUwZWMwYiJ9\">\t\t<div class=\"elementor-carousel-image\" role=\"img\" aria-label=\"Dawn\" style=\"background-image: url(&#039;https:\/\/afelbe.com\/wp-content\/uploads\/2022\/11\/IMG_7605-scaled.jpg&#039;)\">\n\n\t\t\t\n\t\t\t\t\t<\/div>\n\t\t<\/a>\t\t\t\t\t\t<\/div>\n\t\t\t\t\t\t\t\t\t\t\t<div class=\"swiper-slide\" role=\"group\" aria-roledescription=\"slide\">\n\t\t\t\t\t\t\t<a href=\"https:\/\/afelbe.com\/wp-content\/uploads\/2022\/06\/IMG_4420.jpg\" data-elementor-open-lightbox=\"yes\" data-elementor-lightbox-slideshow=\"050ec0b\" data-elementor-lightbox-title=\"Dawn\" data-e-action-hash=\"#elementor-action%3Aaction%3Dlightbox%26settings%3DeyJpZCI6NzM2MywidXJsIjoiaHR0cHM6XC9cL2FmZWxiZS5jb21cL3dwLWNvbnRlbnRcL3VwbG9hZHNcLzIwMjJcLzA2XC9JTUdfNDQyMC5qcGciLCJzbGlkZXNob3ciOiIwNTBlYzBiIn0%3D\">\t\t<div class=\"elementor-carousel-image\" role=\"img\" aria-label=\"Dawn\" style=\"background-image: url(&#039;https:\/\/afelbe.com\/wp-content\/uploads\/2022\/06\/IMG_4420.jpg&#039;)\">\n\n\t\t\t\n\t\t\t\t\t<\/div>\n\t\t<\/a>\t\t\t\t\t\t<\/div>\n\t\t\t\t\t\t\t\t\t\t\t<div class=\"swiper-slide\" role=\"group\" aria-roledescription=\"slide\">\n\t\t\t\t\t\t\t<a href=\"https:\/\/afelbe.com\/wp-content\/uploads\/2022\/11\/IMG_7612-scaled.jpg\" data-elementor-open-lightbox=\"yes\" data-elementor-lightbox-slideshow=\"050ec0b\" data-elementor-lightbox-title=\"Dawn\" data-e-action-hash=\"#elementor-action%3Aaction%3Dlightbox%26settings%3DeyJpZCI6ODI5MCwidXJsIjoiaHR0cHM6XC9cL2FmZWxiZS5jb21cL3dwLWNvbnRlbnRcL3VwbG9hZHNcLzIwMjJcLzExXC9JTUdfNzYxMi1zY2FsZWQuanBnIiwic2xpZGVzaG93IjoiMDUwZWMwYiJ9\">\t\t<div class=\"elementor-carousel-image\" role=\"img\" aria-label=\"Dawn\" style=\"background-image: url(&#039;https:\/\/afelbe.com\/wp-content\/uploads\/2022\/11\/IMG_7612-scaled.jpg&#039;)\">\n\n\t\t\t\n\t\t\t\t\t<\/div>\n\t\t<\/a>\t\t\t\t\t\t<\/div>\n\t\t\t\t\t\t\t\t\t\t\t<div class=\"swiper-slide\" role=\"group\" aria-roledescription=\"slide\">\n\t\t\t\t\t\t\t<a href=\"https:\/\/afelbe.com\/wp-content\/uploads\/2022\/06\/IMG_4407-scaled.jpg\" data-elementor-open-lightbox=\"yes\" data-elementor-lightbox-slideshow=\"050ec0b\" data-elementor-lightbox-title=\"Dawn\" data-e-action-hash=\"#elementor-action%3Aaction%3Dlightbox%26settings%3DeyJpZCI6NzM2MSwidXJsIjoiaHR0cHM6XC9cL2FmZWxiZS5jb21cL3dwLWNvbnRlbnRcL3VwbG9hZHNcLzIwMjJcLzA2XC9JTUdfNDQwNy1zY2FsZWQuanBnIiwic2xpZGVzaG93IjoiMDUwZWMwYiJ9\">\t\t<div class=\"elementor-carousel-image\" role=\"img\" aria-label=\"Dawn\" style=\"background-image: url(&#039;https:\/\/afelbe.com\/wp-content\/uploads\/2022\/06\/IMG_4407-scaled.jpg&#039;)\">\n\n\t\t\t\n\t\t\t\t\t<\/div>\n\t\t<\/a>\t\t\t\t\t\t<\/div>\n\t\t\t\t\t\t\t\t\t\t\t<div class=\"swiper-slide\" role=\"group\" aria-roledescription=\"slide\">\n\t\t\t\t\t\t\t<a href=\"https:\/\/afelbe.com\/wp-content\/uploads\/2022\/06\/IMG_4426.jpg\" data-elementor-open-lightbox=\"yes\" data-elementor-lightbox-slideshow=\"050ec0b\" data-elementor-lightbox-title=\"Dawn\" data-e-action-hash=\"#elementor-action%3Aaction%3Dlightbox%26settings%3DeyJpZCI6NzM2NSwidXJsIjoiaHR0cHM6XC9cL2FmZWxiZS5jb21cL3dwLWNvbnRlbnRcL3VwbG9hZHNcLzIwMjJcLzA2XC9JTUdfNDQyNi5qcGciLCJzbGlkZXNob3ciOiIwNTBlYzBiIn0%3D\">\t\t<div class=\"elementor-carousel-image\" role=\"img\" aria-label=\"Dawn\" style=\"background-image: url(&#039;https:\/\/afelbe.com\/wp-content\/uploads\/2022\/06\/IMG_4426.jpg&#039;)\">\n\n\t\t\t\n\t\t\t\t\t<\/div>\n\t\t<\/a>\t\t\t\t\t\t<\/div>\n\t\t\t\t\t\t\t\t\t\t\t<div class=\"swiper-slide\" role=\"group\" aria-roledescription=\"slide\">\n\t\t\t\t\t\t\t<a href=\"https:\/\/afelbe.com\/wp-content\/uploads\/2022\/11\/IMG_7603-scaled.jpg\" data-elementor-open-lightbox=\"yes\" data-elementor-lightbox-slideshow=\"050ec0b\" data-elementor-lightbox-title=\"Dawn\" data-e-action-hash=\"#elementor-action%3Aaction%3Dlightbox%26settings%3DeyJpZCI6ODI5NSwidXJsIjoiaHR0cHM6XC9cL2FmZWxiZS5jb21cL3dwLWNvbnRlbnRcL3VwbG9hZHNcLzIwMjJcLzExXC9JTUdfNzYwMy1zY2FsZWQuanBnIiwic2xpZGVzaG93IjoiMDUwZWMwYiJ9\">\t\t<div class=\"elementor-carousel-image\" role=\"img\" aria-label=\"Dawn\" style=\"background-image: url(&#039;https:\/\/afelbe.com\/wp-content\/uploads\/2022\/11\/IMG_7603-scaled.jpg&#039;)\">\n\n\t\t\t\n\t\t\t\t\t<\/div>\n\t\t<\/a>\t\t\t\t\t\t<\/div>\n\t\t\t\t\t\t\t\t\t\t\t<div class=\"swiper-slide\" role=\"group\" aria-roledescription=\"slide\">\n\t\t\t\t\t\t\t<a href=\"https:\/\/afelbe.com\/wp-content\/uploads\/2021\/03\/IMG_5940.jpg\" data-elementor-open-lightbox=\"yes\" data-elementor-lightbox-slideshow=\"050ec0b\" data-elementor-lightbox-title=\"dawn\" data-e-action-hash=\"#elementor-action%3Aaction%3Dlightbox%26settings%3DeyJpZCI6MjI1OSwidXJsIjoiaHR0cHM6XC9cL2FmZWxiZS5jb21cL3dwLWNvbnRlbnRcL3VwbG9hZHNcLzIwMjFcLzAzXC9JTUdfNTk0MC5qcGciLCJzbGlkZXNob3ciOiIwNTBlYzBiIn0%3D\">\t\t<div class=\"elementor-carousel-image\" role=\"img\" aria-label=\"dawn\" style=\"background-image: url(&#039;https:\/\/afelbe.com\/wp-content\/uploads\/2021\/03\/IMG_5940.jpg&#039;)\">\n\n\t\t\t\n\t\t\t\t\t<\/div>\n\t\t<\/a>\t\t\t\t\t\t<\/div>\n\t\t\t\t\t\t\t\t\t<\/div>\n\t\t\t\t\t\t\t\t\t\t\t\t\t\t\t<div class=\"elementor-swiper-button elementor-swiper-button-prev\" role=\"button\" tabindex=\"0\" aria-label=\"F\u00f6reg\u00e5ende\">\n\t\t\t\t\t\t\t<i aria-hidden=\"true\" class=\"eicon-chevron-left\"><\/i>\t\t\t\t\t\t<\/div>\n\t\t\t\t\t\t<div class=\"elementor-swiper-button elementor-swiper-button-next\" role=\"button\" tabindex=\"0\" aria-label=\"N\u00e4sta\">\n\t\t\t\t\t\t\t<i aria-hidden=\"true\" class=\"eicon-chevron-right\"><\/i>\t\t\t\t\t\t<\/div>\n\t\t\t\t\t\t\t\t\t\t\t\t\t\t\t\t<div class=\"swiper-pagination\"><\/div>\n\t\t\t\t\t\t\t\t\t\t\t\t<\/div>\n\t\t\t\t<\/div>\n\t\t\t\t\t\t\t\t<\/div>\n\t\t\t\t<\/div>\n\t\t\t\t\t<\/div>\n\t\t<\/div>\n\t\t\t\t\t<\/div>\n\t\t<\/section>\n\t\t\t\t<section class=\"elementor-section elementor-top-section elementor-element elementor-element-feffe34 elementor-section-boxed elementor-section-height-default elementor-section-height-default\" data-id=\"feffe34\" data-element_type=\"section\" data-e-type=\"section\">\n\t\t\t\t\t\t<div class=\"elementor-container elementor-column-gap-default\">\n\t\t\t\t\t<div class=\"elementor-column elementor-col-100 elementor-top-column elementor-element elementor-element-41be162\" data-id=\"41be162\" data-element_type=\"column\" data-e-type=\"column\">\n\t\t\t<div class=\"elementor-widget-wrap elementor-element-populated\">\n\t\t\t\t\t\t<div class=\"elementor-element elementor-element-c9a214e elementor-widget elementor-widget-spacer\" data-id=\"c9a214e\" data-element_type=\"widget\" data-e-type=\"widget\" data-widget_type=\"spacer.default\">\n\t\t\t\t<div class=\"elementor-widget-container\">\n\t\t\t\t\t\t\t<div class=\"elementor-spacer\">\n\t\t\t<div class=\"elementor-spacer-inner\"><\/div>\n\t\t<\/div>\n\t\t\t\t\t\t<\/div>\n\t\t\t\t<\/div>\n\t\t\t\t\t<\/div>\n\t\t<\/div>\n\t\t\t\t\t<\/div>\n\t\t<\/section>\n\t\t\t\t<section class=\"elementor-section elementor-top-section elementor-element elementor-element-1a51f4db elementor-section-boxed elementor-section-height-default elementor-section-height-default\" data-id=\"1a51f4db\" data-element_type=\"section\" data-e-type=\"section\">\n\t\t\t\t\t\t<div class=\"elementor-container elementor-column-gap-default\">\n\t\t\t\t\t<div class=\"elementor-column elementor-col-100 elementor-top-column elementor-element elementor-element-423b7f7a\" data-id=\"423b7f7a\" data-element_type=\"column\" data-e-type=\"column\">\n\t\t\t<div class=\"elementor-widget-wrap elementor-element-populated\">\n\t\t\t\t\t\t<div class=\"elementor-element elementor-element-7f0579e elementor-widget elementor-widget-heading\" data-id=\"7f0579e\" data-element_type=\"widget\" data-e-type=\"widget\" data-widget_type=\"heading.default\">\n\t\t\t\t<div class=\"elementor-widget-container\">\n\t\t\t\t\t<h2 class=\"elementor-heading-title elementor-size-default\">Swedish artist association 50 years<\/h2>\t\t\t\t<\/div>\n\t\t\t\t<\/div>\n\t\t\t\t<div class=\"elementor-element elementor-element-33c4c7f elementor-widget elementor-widget-heading\" data-id=\"33c4c7f\" data-element_type=\"widget\" data-e-type=\"widget\" data-widget_type=\"heading.default\">\n\t\t\t\t<div class=\"elementor-widget-container\">\n\t\t\t\t\t<h2 class=\"elementor-heading-title elementor-size-default\">National juried Exhibition<\/h2>\t\t\t\t<\/div>\n\t\t\t\t<\/div>\n\t\t\t\t<div class=\"elementor-element elementor-element-6a96d84 elementor-widget elementor-widget-heading\" data-id=\"6a96d84\" data-element_type=\"widget\" data-e-type=\"widget\" data-widget_type=\"heading.default\">\n\t\t\t\t<div class=\"elementor-widget-container\">\n\t\t\t\t\t<h2 class=\"elementor-heading-title elementor-size-default\">Strandverket Marstrand<\/h2>\t\t\t\t<\/div>\n\t\t\t\t<\/div>\n\t\t\t\t<div class=\"elementor-element elementor-element-fa48974 elementor-widget elementor-widget-heading\" data-id=\"fa48974\" data-element_type=\"widget\" data-e-type=\"widget\" data-widget_type=\"heading.default\">\n\t\t\t\t<div class=\"elementor-widget-container\">\n\t\t\t\t\t<h2 class=\"elementor-heading-title elementor-size-default\">(26.07.25-03.08.25)<\/h2>\t\t\t\t<\/div>\n\t\t\t\t<\/div>\n\t\t\t\t<div class=\"elementor-element elementor-element-1180c7c elementor-widget elementor-widget-heading\" data-id=\"1180c7c\" data-element_type=\"widget\" data-e-type=\"widget\" data-widget_type=\"heading.default\">\n\t\t\t\t<div class=\"elementor-widget-container\">\n\t\t\t\t\t<h2 class=\"elementor-heading-title elementor-size-default\">2 100 \u20ac<\/h2>\t\t\t\t<\/div>\n\t\t\t\t<\/div>\n\t\t\t\t<div class=\"elementor-element elementor-element-78eb9ce elementor-widget elementor-widget-text-editor\" data-id=\"78eb9ce\" data-element_type=\"widget\" data-e-type=\"widget\" data-widget_type=\"text-editor.default\">\n\t\t\t\t<div class=\"elementor-widget-container\">\n\t\t\t\t\t\t\t\t\t<p>Size: 100x100 cm<\/p><p><span style=\"letter-spacing: 0.3px;\">Detta verk har vit inramning (103&#215;103)<\/span><br><\/p>\t\t\t\t\t\t\t\t<\/div>\n\t\t\t\t<\/div>\n\t\t\t\t<div class=\"elementor-element elementor-element-3054ce3b elementor-widget elementor-widget-image\" data-id=\"3054ce3b\" data-element_type=\"widget\" data-e-type=\"widget\" data-widget_type=\"image.default\">\n\t\t\t\t<div class=\"elementor-widget-container\">\n\t\t\t\t\t\t\t\t\t\t\t\t\t\t\t\t<a href=\"https:\/\/afelbe.com\/en\/kontakt\/\">\n\t\t\t\t\t\t\t<img decoding=\"async\" src=\"https:\/\/afelbe.com\/wp-content\/uploads\/elementor\/thumbs\/shopping-bag-icon-vector-19119167-e1619032876609-p6226rv1t8ssxlocua513xjec475dsl5n2ldhepjsk.jpeg\" title=\"Interested in buying\" alt=\"shopping bag - vector icon flat illustration eps10\" loading=\"lazy\" \/>\t\t\t\t\t\t\t\t<\/a>\n\t\t\t\t\t\t\t\t\t\t\t\t\t\t\t<\/div>\n\t\t\t\t<\/div>\n\t\t\t\t<div class=\"elementor-element elementor-element-75d64802 elementor-widget elementor-widget-text-editor\" data-id=\"75d64802\" data-element_type=\"widget\" data-e-type=\"widget\" data-widget_type=\"text-editor.default\">\n\t\t\t\t<div class=\"elementor-widget-container\">\n\t\t\t\t\t\t\t\t\t<p>Interested in buying?<\/p>\t\t\t\t\t\t\t\t<\/div>\n\t\t\t\t<\/div>\n\t\t\t\t\t<\/div>\n\t\t<\/div>\n\t\t\t\t\t<\/div>\n\t\t<\/section>\n\t\t\t\t<section class=\"elementor-section elementor-top-section elementor-element elementor-element-b83fd65 elementor-section-boxed elementor-section-height-default elementor-section-height-default\" data-id=\"b83fd65\" data-element_type=\"section\" data-e-type=\"section\">\n\t\t\t\t\t\t<div class=\"elementor-container elementor-column-gap-default\">\n\t\t\t\t\t<div class=\"elementor-column elementor-col-100 elementor-top-column elementor-element elementor-element-13d6b9d\" data-id=\"13d6b9d\" data-element_type=\"column\" data-e-type=\"column\">\n\t\t\t<div class=\"elementor-widget-wrap elementor-element-populated\">\n\t\t\t\t\t\t<div class=\"elementor-element elementor-element-0a68eb4 elementor-widget elementor-widget-spacer\" data-id=\"0a68eb4\" data-element_type=\"widget\" data-e-type=\"widget\" data-widget_type=\"spacer.default\">\n\t\t\t\t<div class=\"elementor-widget-container\">\n\t\t\t\t\t\t\t<div class=\"elementor-spacer\">\n\t\t\t<div class=\"elementor-spacer-inner\"><\/div>\n\t\t<\/div>\n\t\t\t\t\t\t<\/div>\n\t\t\t\t<\/div>\n\t\t\t\t\t<\/div>\n\t\t<\/div>\n\t\t\t\t\t<\/div>\n\t\t<\/section>\n\t\t\t\t<section class=\"elementor-section elementor-top-section elementor-element elementor-element-5bca994b elementor-section-boxed elementor-section-height-default elementor-section-height-default\" data-id=\"5bca994b\" data-element_type=\"section\" data-e-type=\"section\">\n\t\t\t\t\t\t<div class=\"elementor-container elementor-column-gap-default\">\n\t\t\t\t\t<div class=\"elementor-column elementor-col-100 elementor-top-column elementor-element elementor-element-5e948449\" data-id=\"5e948449\" data-element_type=\"column\" data-e-type=\"column\">\n\t\t\t<div class=\"elementor-widget-wrap elementor-element-populated\">\n\t\t\t\t\t\t<div class=\"elementor-element elementor-element-75e13445 elementor-cta--skin-classic elementor-animated-content elementor-bg-transform elementor-bg-transform-zoom-in elementor-widget elementor-widget-call-to-action\" data-id=\"75e13445\" data-element_type=\"widget\" data-e-type=\"widget\" data-widget_type=\"call-to-action.default\">\n\t\t\t\t<div class=\"elementor-widget-container\">\n\t\t\t\t\t\t\t<a class=\"elementor-cta\" href=\"https:\/\/afelbe.com\/en\/galleri\/\">\n\t\t\t\t\t<div class=\"elementor-cta__bg-wrapper\">\n\t\t\t\t<div class=\"elementor-cta__bg elementor-bg\" style=\"background-image: url(https:\/\/afelbe.com\/wp-content\/uploads\/2021\/09\/shutterstock_126935459-2048x1367.jpg);\" role=\"img\" aria-label=\"Galleri sv\"><\/div>\n\t\t\t\t<div class=\"elementor-cta__bg-overlay\"><\/div>\n\t\t\t<\/div>\n\t\t\t\t\t\t\t<div class=\"elementor-cta__content\">\n\t\t\t\t\n\t\t\t\t\t\t\t\t\t<h2 class=\"elementor-cta__title elementor-cta__content-item elementor-content-item\">\n\t\t\t\t\t\tBack to Gallery\t\t\t\t\t<\/h2>\n\t\t\t\t\n\t\t\t\t\n\t\t\t\t\t\t\t<\/div>\n\t\t\t\t\t\t<\/a>\n\t\t\t\t\t\t<\/div>\n\t\t\t\t<\/div>\n\t\t\t\t\t<\/div>\n\t\t<\/div>\n\t\t\t\t\t<\/div>\n\t\t<\/section>\n\t\t\t\t<\/div>","protected":false},"excerpt":{"rendered":"<p>Into the Dawn af Elbe \u201d With a promise of a new beginning, she rises in the east, the masterpiece of the rosy dawn.&nbsp; The mystery is there in her eternity as she offers us the might-have-beens that still might be.\u201d&nbsp; Svenska Konstn\u00e4rsf\u00f6rbundet 50 \u00e5r Nationell jurybed\u00f6md jubileumsutst\u00e4llning, Strandverket Marstrand (26.07.25-03.08.25) 21 000 kr M\u00e5tt: [&hellip;]<\/p>\n","protected":false},"author":2,"featured_media":0,"parent":0,"menu_order":0,"comment_status":"closed","ping_status":"closed","template":"","meta":{"footnotes":""},"class_list":["post-2196","page","type-page","status-publish","hentry"],"_links":{"self":[{"href":"https:\/\/afelbe.com\/en\/wp-json\/wp\/v2\/pages\/2196","targetHints":{"allow":["GET"]}}],"collection":[{"href":"https:\/\/afelbe.com\/en\/wp-json\/wp\/v2\/pages"}],"about":[{"href":"https:\/\/afelbe.com\/en\/wp-json\/wp\/v2\/types\/page"}],"author":[{"embeddable":true,"href":"https:\/\/afelbe.com\/en\/wp-json\/wp\/v2\/users\/2"}],"replies":[{"embeddable":true,"href":"https:\/\/afelbe.com\/en\/wp-json\/wp\/v2\/comments?post=2196"}],"version-history":[{"count":79,"href":"https:\/\/afelbe.com\/en\/wp-json\/wp\/v2\/pages\/2196\/revisions"}],"predecessor-version":[{"id":10776,"href":"https:\/\/afelbe.com\/en\/wp-json\/wp\/v2\/pages\/2196\/revisions\/10776"}],"wp:attachment":[{"href":"https:\/\/afelbe.com\/en\/wp-json\/wp\/v2\/media?parent=2196"}],"curies":[{"name":"wp","href":"https:\/\/api.w.org\/{rel}","templated":true}]}}