{"id":242,"date":"2020-11-05T09:41:05","date_gmt":"2020-11-05T09:41:05","guid":{"rendered":"https:\/\/afelbe.com\/?page_id=242"},"modified":"2025-11-29T02:58:59","modified_gmt":"2025-11-29T02:58:59","slug":"hantverket","status":"publish","type":"page","link":"https:\/\/afelbe.com\/en\/hantverket\/","title":{"rendered":"The Craft"},"content":{"rendered":"<div data-elementor-type=\"wp-page\" data-elementor-id=\"242\" class=\"elementor elementor-242\" data-elementor-post-type=\"page\">\n\t\t\t\t\t\t<section class=\"elementor-section elementor-top-section elementor-element elementor-element-c2cd8d1 elementor-section-height-min-height elementor-section-full_width forced-fixed-width elementor-section-height-default elementor-section-items-middle\" data-id=\"c2cd8d1\" data-element_type=\"section\" data-e-type=\"section\" data-settings=\"{&quot;background_background&quot;:&quot;classic&quot;}\">\n\t\t\t\t\t\t\t<div class=\"elementor-background-overlay\"><\/div>\n\t\t\t\t\t\t\t<div class=\"elementor-container elementor-column-gap-default\">\n\t\t\t\t\t<div class=\"elementor-column elementor-col-100 elementor-top-column elementor-element elementor-element-da87099\" data-id=\"da87099\" data-element_type=\"column\" data-e-type=\"column\">\n\t\t\t<div class=\"elementor-widget-wrap\">\n\t\t\t\t\t\t\t<\/div>\n\t\t<\/div>\n\t\t\t\t\t<\/div>\n\t\t<\/section>\n\t\t\t\t<section class=\"elementor-section elementor-top-section elementor-element elementor-element-96e2121 elementor-section-boxed elementor-section-height-default elementor-section-height-default\" data-id=\"96e2121\" data-element_type=\"section\" data-e-type=\"section\">\n\t\t\t\t\t\t<div class=\"elementor-container elementor-column-gap-default\">\n\t\t\t\t\t<div class=\"elementor-column elementor-col-100 elementor-top-column elementor-element elementor-element-b7a59e4\" data-id=\"b7a59e4\" data-element_type=\"column\" data-e-type=\"column\">\n\t\t\t<div class=\"elementor-widget-wrap\">\n\t\t\t\t\t\t\t<\/div>\n\t\t<\/div>\n\t\t\t\t\t<\/div>\n\t\t<\/section>\n\t\t\t\t<section class=\"elementor-section elementor-top-section elementor-element elementor-element-c300c2c elementor-section-boxed elementor-section-height-default elementor-section-height-default\" data-id=\"c300c2c\" data-element_type=\"section\" data-e-type=\"section\">\n\t\t\t\t\t\t<div class=\"elementor-container elementor-column-gap-default\">\n\t\t\t\t\t<div class=\"elementor-column elementor-col-100 elementor-top-column elementor-element elementor-element-673ac01\" data-id=\"673ac01\" data-element_type=\"column\" data-e-type=\"column\">\n\t\t\t<div class=\"elementor-widget-wrap elementor-element-populated\">\n\t\t\t\t\t\t<div class=\"elementor-element elementor-element-e7b1188 elementor-widget elementor-widget-heading\" data-id=\"e7b1188\" data-element_type=\"widget\" data-e-type=\"widget\" data-widget_type=\"heading.default\">\n\t\t\t\t<div class=\"elementor-widget-container\">\n\t\t\t\t\t<h2 class=\"elementor-heading-title elementor-size-default\">The Craft<\/h2>\t\t\t\t<\/div>\n\t\t\t\t<\/div>\n\t\t\t\t\t<\/div>\n\t\t<\/div>\n\t\t\t\t\t<\/div>\n\t\t<\/section>\n\t\t\t\t<section class=\"elementor-section elementor-top-section elementor-element elementor-element-674795a elementor-section-boxed elementor-section-height-default elementor-section-height-default\" data-id=\"674795a\" data-element_type=\"section\" data-e-type=\"section\">\n\t\t\t\t\t\t<div class=\"elementor-container elementor-column-gap-default\">\n\t\t\t\t\t<div class=\"elementor-column elementor-col-100 elementor-top-column elementor-element elementor-element-0fde437\" data-id=\"0fde437\" data-element_type=\"column\" data-e-type=\"column\">\n\t\t\t<div class=\"elementor-widget-wrap elementor-element-populated\">\n\t\t\t\t\t\t<div class=\"elementor-element elementor-element-d40e5ad elementor-widget elementor-widget-spacer\" data-id=\"d40e5ad\" data-element_type=\"widget\" data-e-type=\"widget\" data-widget_type=\"spacer.default\">\n\t\t\t\t<div class=\"elementor-widget-container\">\n\t\t\t\t\t\t\t<div class=\"elementor-spacer\">\n\t\t\t<div class=\"elementor-spacer-inner\"><\/div>\n\t\t<\/div>\n\t\t\t\t\t\t<\/div>\n\t\t\t\t<\/div>\n\t\t\t\t<div class=\"elementor-element elementor-element-a8c2b98 elementor-widget elementor-widget-text-editor\" data-id=\"a8c2b98\" data-element_type=\"widget\" data-e-type=\"widget\" data-widget_type=\"text-editor.default\">\n\t\t\t\t<div class=\"elementor-widget-container\">\n\t\t\t\t\t\t\t\t\t<p><span style=\"color: var( --e-global-color-text );\">The creation happens intuitively and in small quantities. <\/span>It is a pursuit of recovery, a way to find simplicity in a world filled with stress and unreasonable expectations. Each artwork is an attempt to capture a feeling, a fragment, rather than to create a literal depiction.<\/p><p>For Johanna, it is more about communicating what she feels rather than what she sees in a sublime expression. The art is an emotional journey that goes deeper than the representation of the physical object. An attempt to capture the essence and a feeling beyond the visual.<\/p>\t\t\t\t\t\t\t\t<\/div>\n\t\t\t\t<\/div>\n\t\t\t\t\t<\/div>\n\t\t<\/div>\n\t\t\t\t\t<\/div>\n\t\t<\/section>\n\t\t\t\t<section class=\"elementor-section elementor-top-section elementor-element elementor-element-9cc2a45 elementor-section-boxed elementor-section-height-default elementor-section-height-default\" data-id=\"9cc2a45\" data-element_type=\"section\" data-e-type=\"section\">\n\t\t\t\t\t\t<div class=\"elementor-container elementor-column-gap-default\">\n\t\t\t\t\t<div class=\"elementor-column elementor-col-100 elementor-top-column elementor-element elementor-element-ee0cd8d\" data-id=\"ee0cd8d\" data-element_type=\"column\" data-e-type=\"column\">\n\t\t\t<div class=\"elementor-widget-wrap elementor-element-populated\">\n\t\t\t\t\t\t<div class=\"elementor-element elementor-element-1d09c0d elementor-widget elementor-widget-spacer\" data-id=\"1d09c0d\" data-element_type=\"widget\" data-e-type=\"widget\" data-widget_type=\"spacer.default\">\n\t\t\t\t<div class=\"elementor-widget-container\">\n\t\t\t\t\t\t\t<div class=\"elementor-spacer\">\n\t\t\t<div class=\"elementor-spacer-inner\"><\/div>\n\t\t<\/div>\n\t\t\t\t\t\t<\/div>\n\t\t\t\t<\/div>\n\t\t\t\t\t<\/div>\n\t\t<\/div>\n\t\t\t\t\t<\/div>\n\t\t<\/section>\n\t\t\t\t<section class=\"elementor-section elementor-top-section elementor-element elementor-element-65be76d elementor-section-boxed elementor-section-height-default elementor-section-height-default\" data-id=\"65be76d\" data-element_type=\"section\" data-e-type=\"section\">\n\t\t\t\t\t\t<div class=\"elementor-container elementor-column-gap-default\">\n\t\t\t\t\t<div class=\"elementor-column elementor-col-100 elementor-top-column elementor-element elementor-element-6ba1602\" data-id=\"6ba1602\" data-element_type=\"column\" data-e-type=\"column\">\n\t\t\t<div class=\"elementor-widget-wrap elementor-element-populated\">\n\t\t\t\t\t\t<div class=\"elementor-element elementor-element-843aff1 elementor-widget elementor-widget-image\" data-id=\"843aff1\" data-element_type=\"widget\" data-e-type=\"widget\" data-widget_type=\"image.default\">\n\t\t\t\t<div class=\"elementor-widget-container\">\n\t\t\t\t\t\t\t\t\t\t\t\t\t\t\t<img fetchpriority=\"high\" decoding=\"async\" width=\"1536\" height=\"2049\" src=\"https:\/\/afelbe.com\/wp-content\/uploads\/2024\/07\/IMG_6792.jpg\" class=\"attachment-full size-full wp-image-10187\" alt=\"\" srcset=\"https:\/\/afelbe.com\/wp-content\/uploads\/2024\/07\/IMG_6792.jpg 1536w, https:\/\/afelbe.com\/wp-content\/uploads\/2024\/07\/IMG_6792-225x300.jpg 225w, https:\/\/afelbe.com\/wp-content\/uploads\/2024\/07\/IMG_6792-768x1025.jpg 768w, https:\/\/afelbe.com\/wp-content\/uploads\/2024\/07\/IMG_6792-1151x1536.jpg 1151w, https:\/\/afelbe.com\/wp-content\/uploads\/2024\/07\/IMG_6792-9x12.webp 9w, https:\/\/afelbe.com\/wp-content\/uploads\/2024\/07\/IMG_6792-600x800.jpg 600w\" sizes=\"(max-width: 1536px) 100vw, 1536px\" \/>\t\t\t\t\t\t\t\t\t\t\t\t\t\t\t<\/div>\n\t\t\t\t<\/div>\n\t\t\t\t<div class=\"elementor-element elementor-element-177f1df elementor-widget elementor-widget-spacer\" data-id=\"177f1df\" data-element_type=\"widget\" data-e-type=\"widget\" data-widget_type=\"spacer.default\">\n\t\t\t\t<div class=\"elementor-widget-container\">\n\t\t\t\t\t\t\t<div class=\"elementor-spacer\">\n\t\t\t<div class=\"elementor-spacer-inner\"><\/div>\n\t\t<\/div>\n\t\t\t\t\t\t<\/div>\n\t\t\t\t<\/div>\n\t\t\t\t\t<\/div>\n\t\t<\/div>\n\t\t\t\t\t<\/div>\n\t\t<\/section>\n\t\t\t\t<section class=\"elementor-section elementor-top-section elementor-element elementor-element-086d2c6 elementor-section-boxed elementor-section-height-default elementor-section-height-default\" data-id=\"086d2c6\" data-element_type=\"section\" data-e-type=\"section\">\n\t\t\t\t\t\t<div class=\"elementor-container elementor-column-gap-default\">\n\t\t\t\t\t<div class=\"elementor-column elementor-col-100 elementor-top-column elementor-element elementor-element-9614cd9\" data-id=\"9614cd9\" data-element_type=\"column\" data-e-type=\"column\">\n\t\t\t<div class=\"elementor-widget-wrap elementor-element-populated\">\n\t\t\t\t\t\t<div class=\"elementor-element elementor-element-9480021 elementor-widget elementor-widget-spacer\" data-id=\"9480021\" data-element_type=\"widget\" data-e-type=\"widget\" data-widget_type=\"spacer.default\">\n\t\t\t\t<div class=\"elementor-widget-container\">\n\t\t\t\t\t\t\t<div class=\"elementor-spacer\">\n\t\t\t<div class=\"elementor-spacer-inner\"><\/div>\n\t\t<\/div>\n\t\t\t\t\t\t<\/div>\n\t\t\t\t<\/div>\n\t\t\t\t<div class=\"elementor-element elementor-element-65a984c elementor-widget elementor-widget-text-editor\" data-id=\"65a984c\" data-element_type=\"widget\" data-e-type=\"widget\" data-widget_type=\"text-editor.default\">\n\t\t\t\t<div class=\"elementor-widget-container\">\n\t\t\t\t\t\t\t\t\t<p>Japandi Art is an elegant minimalist interpretation of nature and an attempt to create harmony and reflection in everyday life. With a stripped-down and simple expression, the paintings emerge in thin layers upon layers of acrylic and ink. A technique that requires both restraint and time.\u00a0<span style=\"color: var( --e-global-color-text );\">One can experience that they change appearance throughout the day depending on external factors such as weather, angles, and light. This is because certain layers shine through at different times, giving the painting slightly different characteristics.<\/span><\/p><p><span style=\"color: var( --e-global-color-text );\">\u00a0<\/span><\/p><p><span style=\"color: var( --e-global-color-text );\">In the process, each painting is completed with a poem to add another dimension to the artwork and the viewer's experience. A small window into the artist's inner world, where image and text together form the complete artwork. The goal is to<\/span><span style=\"color: var( --e-global-color-text );\">\u00a0allow the viewer to disappear into the art, even if just for a moment. To provide that small mental break from the noise of the outside world and be enveloped in their own thoughts and the healing power of nature.\u00a0<\/span><span style=\"color: var( --e-global-color-text );\">To encounter something where the eye and mind can find rest.<\/span><\/p>\t\t\t\t\t\t\t\t<\/div>\n\t\t\t\t<\/div>\n\t\t\t\t\t<\/div>\n\t\t<\/div>\n\t\t\t\t\t<\/div>\n\t\t<\/section>\n\t\t\t\t<\/div>","protected":false},"excerpt":{"rendered":"<p>Hantverket Skapandet sker intuitivt och i sm\u00e5 kvantiteter. Det \u00e4r en str\u00e4van efter \u00e5terh\u00e4mtning, att hitta tillbaka till det enkla i en v\u00e4rld fylld av stress och orimliga f\u00f6rv\u00e4ntningar. Varje konstverk \u00e4r ett f\u00f6rs\u00f6k att f\u00e5nga en k\u00e4nsla, ett fragment, snarare \u00e4n att skapa en regelr\u00e4tt avbildning. F\u00f6r Johanna handlar det mer om att kommunicera [&hellip;]<\/p>\n","protected":false},"author":2,"featured_media":0,"parent":0,"menu_order":0,"comment_status":"closed","ping_status":"closed","template":"","meta":{"footnotes":""},"class_list":["post-242","page","type-page","status-publish","hentry"],"_links":{"self":[{"href":"https:\/\/afelbe.com\/en\/wp-json\/wp\/v2\/pages\/242","targetHints":{"allow":["GET"]}}],"collection":[{"href":"https:\/\/afelbe.com\/en\/wp-json\/wp\/v2\/pages"}],"about":[{"href":"https:\/\/afelbe.com\/en\/wp-json\/wp\/v2\/types\/page"}],"author":[{"embeddable":true,"href":"https:\/\/afelbe.com\/en\/wp-json\/wp\/v2\/users\/2"}],"replies":[{"embeddable":true,"href":"https:\/\/afelbe.com\/en\/wp-json\/wp\/v2\/comments?post=242"}],"version-history":[{"count":195,"href":"https:\/\/afelbe.com\/en\/wp-json\/wp\/v2\/pages\/242\/revisions"}],"predecessor-version":[{"id":10944,"href":"https:\/\/afelbe.com\/en\/wp-json\/wp\/v2\/pages\/242\/revisions\/10944"}],"wp:attachment":[{"href":"https:\/\/afelbe.com\/en\/wp-json\/wp\/v2\/media?parent=242"}],"curies":[{"name":"wp","href":"https:\/\/api.w.org\/{rel}","templated":true}]}}