{"id":327,"date":"2020-11-06T20:41:24","date_gmt":"2020-11-06T20:41:24","guid":{"rendered":"https:\/\/afelbe.com\/?page_id=327"},"modified":"2026-02-01T22:19:57","modified_gmt":"2026-02-01T22:19:57","slug":"konstnaren","status":"publish","type":"page","link":"https:\/\/afelbe.com\/en\/konstnaren\/","title":{"rendered":"The Artist"},"content":{"rendered":"<div data-elementor-type=\"wp-page\" data-elementor-id=\"327\" class=\"elementor elementor-327\" data-elementor-post-type=\"page\">\n\t\t\t\t\t\t<section class=\"elementor-section elementor-top-section elementor-element elementor-element-c1f5a0d elementor-section-height-min-height elementor-section-full_width forced-fixed-width elementor-section-items-top elementor-section-height-default\" data-id=\"c1f5a0d\" data-element_type=\"section\" data-e-type=\"section\" data-settings=\"{&quot;background_background&quot;:&quot;classic&quot;}\">\n\t\t\t\t\t\t\t<div class=\"elementor-background-overlay\"><\/div>\n\t\t\t\t\t\t\t<div class=\"elementor-container elementor-column-gap-default\">\n\t\t\t\t\t<div class=\"elementor-column elementor-col-100 elementor-top-column elementor-element elementor-element-b6e94f3\" data-id=\"b6e94f3\" data-element_type=\"column\" data-e-type=\"column\">\n\t\t\t<div class=\"elementor-widget-wrap\">\n\t\t\t\t\t\t\t<\/div>\n\t\t<\/div>\n\t\t\t\t\t<\/div>\n\t\t<\/section>\n\t\t\t\t<section class=\"elementor-section elementor-top-section elementor-element elementor-element-c514d51 elementor-section-boxed elementor-section-height-default elementor-section-height-default\" data-id=\"c514d51\" data-element_type=\"section\" data-e-type=\"section\">\n\t\t\t\t\t\t<div class=\"elementor-container elementor-column-gap-default\">\n\t\t\t\t\t<div class=\"elementor-column elementor-col-100 elementor-top-column elementor-element elementor-element-6255c43\" data-id=\"6255c43\" data-element_type=\"column\" data-e-type=\"column\">\n\t\t\t<div class=\"elementor-widget-wrap elementor-element-populated\">\n\t\t\t\t\t\t<div class=\"elementor-element elementor-element-18e99a1 elementor-widget elementor-widget-spacer\" data-id=\"18e99a1\" data-element_type=\"widget\" data-e-type=\"widget\" data-widget_type=\"spacer.default\">\n\t\t\t\t<div class=\"elementor-widget-container\">\n\t\t\t\t\t\t\t<div class=\"elementor-spacer\">\n\t\t\t<div class=\"elementor-spacer-inner\"><\/div>\n\t\t<\/div>\n\t\t\t\t\t\t<\/div>\n\t\t\t\t<\/div>\n\t\t\t\t<div class=\"elementor-element elementor-element-2ffe46f animated-slow elementor-widget elementor-widget-heading\" data-id=\"2ffe46f\" data-element_type=\"widget\" data-e-type=\"widget\" data-settings=\"{&quot;_animation_mobile&quot;:&quot;none&quot;,&quot;_animation&quot;:&quot;none&quot;,&quot;_animation_tablet&quot;:&quot;fadeInDown&quot;,&quot;_animation_delay&quot;:700}\" data-widget_type=\"heading.default\">\n\t\t\t\t<div class=\"elementor-widget-container\">\n\t\t\t\t\t<h3 class=\"elementor-heading-title elementor-size-default\">THE ARTIST <\/h3>\t\t\t\t<\/div>\n\t\t\t\t<\/div>\n\t\t\t\t<div class=\"elementor-element elementor-element-6de04b8 elementor-widget elementor-widget-spacer\" data-id=\"6de04b8\" data-element_type=\"widget\" data-e-type=\"widget\" data-widget_type=\"spacer.default\">\n\t\t\t\t<div class=\"elementor-widget-container\">\n\t\t\t\t\t\t\t<div class=\"elementor-spacer\">\n\t\t\t<div class=\"elementor-spacer-inner\"><\/div>\n\t\t<\/div>\n\t\t\t\t\t\t<\/div>\n\t\t\t\t<\/div>\n\t\t\t\t<div class=\"elementor-element elementor-element-c79d0da elementor-widget elementor-widget-text-editor\" data-id=\"c79d0da\" data-element_type=\"widget\" data-e-type=\"widget\" data-widget_type=\"text-editor.default\">\n\t\t\t\t<div class=\"elementor-widget-container\">\n\t\t\t\t\t\t\t\t\t<p>&#8221;A master of abstraction. <span style=\"color: var( --e-global-color-text ); letter-spacing: 0.2px; word-spacing: 0.1em;\">With her delicate color selection and subtle texture,&nbsp;<\/span><span style=\"color: var( --e-global-color-text ); letter-spacing: 0.2px; word-spacing: 0.1em;\">she creates pieces that fill spaces with calm.&nbsp;<\/span><span style=\"color: var( --e-global-color-text ); letter-spacing: 0.2px; word-spacing: 0.1em;\">She seeks a meditative atmosphere for your space.&#8221;<\/span><\/p>\n<p>&#8211; Christina Pomareta, Art Curator &#8211; Madrid.<\/p>\t\t\t\t\t\t\t\t<\/div>\n\t\t\t\t<\/div>\n\t\t\t\t<div class=\"elementor-element elementor-element-567dba8 elementor-widget-divider--view-line elementor-widget elementor-widget-divider\" data-id=\"567dba8\" data-element_type=\"widget\" data-e-type=\"widget\" data-widget_type=\"divider.default\">\n\t\t\t\t<div class=\"elementor-widget-container\">\n\t\t\t\t\t\t\t<div class=\"elementor-divider\">\n\t\t\t<span class=\"elementor-divider-separator\">\n\t\t\t\t\t\t<\/span>\n\t\t<\/div>\n\t\t\t\t\t\t<\/div>\n\t\t\t\t<\/div>\n\t\t\t\t<div class=\"elementor-element elementor-element-11590ef elementor-widget elementor-widget-spacer\" data-id=\"11590ef\" data-element_type=\"widget\" data-e-type=\"widget\" data-widget_type=\"spacer.default\">\n\t\t\t\t<div class=\"elementor-widget-container\">\n\t\t\t\t\t\t\t<div class=\"elementor-spacer\">\n\t\t\t<div class=\"elementor-spacer-inner\"><\/div>\n\t\t<\/div>\n\t\t\t\t\t\t<\/div>\n\t\t\t\t<\/div>\n\t\t\t\t<div class=\"elementor-element elementor-element-fb100f2 elementor-widget elementor-widget-text-editor\" data-id=\"fb100f2\" data-element_type=\"widget\" data-e-type=\"widget\" data-widget_type=\"text-editor.default\">\n\t\t\t\t<div class=\"elementor-widget-container\">\n\t\t\t\t\t\t\t\t\t<p class=\"p1\">Johanna Elbe (b. 1984) originally comes from Gislaved and moved to V\u00e4xj\u00f6 after graduating high school to study visual arts and mathematics at the university (2003-2008). With a Master in Education for Artistic Expression and Ethical Interpretation of Art and Mathematics - she's a licensed art teacher certified for the higher education. \nJohanna is also a board member of V\u00e4xj\u00f6 Art Round and in February 2023 she was named Artist of the Month by the Swedish Artists' Association.<\/p>\t\t\t\t\t\t\t\t<\/div>\n\t\t\t\t<\/div>\n\t\t\t\t<div class=\"elementor-element elementor-element-cfff1ad elementor-widget elementor-widget-spacer\" data-id=\"cfff1ad\" data-element_type=\"widget\" data-e-type=\"widget\" data-widget_type=\"spacer.default\">\n\t\t\t\t<div class=\"elementor-widget-container\">\n\t\t\t\t\t\t\t<div class=\"elementor-spacer\">\n\t\t\t<div class=\"elementor-spacer-inner\"><\/div>\n\t\t<\/div>\n\t\t\t\t\t\t<\/div>\n\t\t\t\t<\/div>\n\t\t\t\t\t<\/div>\n\t\t<\/div>\n\t\t\t\t\t<\/div>\n\t\t<\/section>\n\t\t\t\t<section class=\"elementor-section elementor-top-section elementor-element elementor-element-2dad8eb elementor-section-boxed elementor-section-height-default elementor-section-height-default\" data-id=\"2dad8eb\" data-element_type=\"section\" data-e-type=\"section\">\n\t\t\t\t\t\t<div class=\"elementor-container elementor-column-gap-default\">\n\t\t\t\t\t<div class=\"elementor-column elementor-col-100 elementor-top-column elementor-element elementor-element-a40de0e\" data-id=\"a40de0e\" data-element_type=\"column\" data-e-type=\"column\">\n\t\t\t<div class=\"elementor-widget-wrap elementor-element-populated\">\n\t\t\t\t\t\t<div class=\"elementor-element elementor-element-bf96cd3 elementor-widget elementor-widget-image\" data-id=\"bf96cd3\" data-element_type=\"widget\" data-e-type=\"widget\" data-widget_type=\"image.default\">\n\t\t\t\t<div class=\"elementor-widget-container\">\n\t\t\t\t\t\t\t\t\t\t\t\t\t\t\t<img fetchpriority=\"high\" decoding=\"async\" width=\"1158\" height=\"1920\" src=\"https:\/\/afelbe.com\/wp-content\/uploads\/2023\/11\/D2A4395_-e1700062999904.webp\" class=\"attachment-full size-full wp-image-9357\" alt=\"\" srcset=\"https:\/\/afelbe.com\/wp-content\/uploads\/2023\/11\/D2A4395_-e1700062999904.webp 1158w, https:\/\/afelbe.com\/wp-content\/uploads\/2023\/11\/D2A4395_-e1700062999904-181x300.jpg 181w, https:\/\/afelbe.com\/wp-content\/uploads\/2023\/11\/D2A4395_-e1700062999904-618x1024.jpg 618w, https:\/\/afelbe.com\/wp-content\/uploads\/2023\/11\/D2A4395_-e1700062999904-768x1273.jpg 768w, https:\/\/afelbe.com\/wp-content\/uploads\/2023\/11\/D2A4395_-e1700062999904-927x1536.jpg 927w, https:\/\/afelbe.com\/wp-content\/uploads\/2023\/11\/D2A4395_-e1700062999904-7x12.webp 7w, https:\/\/afelbe.com\/wp-content\/uploads\/2023\/11\/D2A4395_-e1700062999904-600x995.jpg 600w, https:\/\/afelbe.com\/wp-content\/uploads\/2023\/11\/D2A4395_-e1700062999904-1236x2048.jpg 1236w\" sizes=\"(max-width: 1158px) 100vw, 1158px\" \/>\t\t\t\t\t\t\t\t\t\t\t\t\t\t\t<\/div>\n\t\t\t\t<\/div>\n\t\t\t\t<div class=\"elementor-element elementor-element-e864ec6 elementor-widget elementor-widget-spacer\" data-id=\"e864ec6\" data-element_type=\"widget\" data-e-type=\"widget\" data-widget_type=\"spacer.default\">\n\t\t\t\t<div class=\"elementor-widget-container\">\n\t\t\t\t\t\t\t<div class=\"elementor-spacer\">\n\t\t\t<div class=\"elementor-spacer-inner\"><\/div>\n\t\t<\/div>\n\t\t\t\t\t\t<\/div>\n\t\t\t\t<\/div>\n\t\t\t\t<div class=\"elementor-element elementor-element-c25a6ce elementor-widget elementor-widget-text-editor\" data-id=\"c25a6ce\" data-element_type=\"widget\" data-e-type=\"widget\" data-widget_type=\"text-editor.default\">\n\t\t\t\t<div class=\"elementor-widget-container\">\n\t\t\t\t\t\t\t\t\t<p class=\"p1\">During her early artistic career, Johanna focused on copper engraving with an emphasis on etching in both hard and soft ground. Her work in graphics was alternated with painting in pop art, realism, and figurative art.<\/p><p class=\"p1\">Due to various circumstances, she chose to take a break from art in 2012. Johanna became active again in 2019 when painting became part of her healing process after severe exhaustion. The expression that emerged during this time forms the foundation of her current visual language and is the basis for the abstract art series Japandi Art.<\/p><p class=\"p1\"><span style=\"color: var( --e-global-color-text ); letter-spacing: 0.1px; word-spacing: 0.1em;\">The art, with its sublime expression, strives to capture the feeling and essence of nature. Each painting is complemented by a poem to create a deeper meaning and dimension to the artist's own inner world. These two components together form the complete work and often reflect the needs Johanna herself has in her creation. To find time for recovery and to find breathing space in the chaos around her. An attempt to make the viewer disappear into the art \u2013 to both see what she sees and feel what she feels.<\/span>\u00a0<\/p><p>\u00a0<\/p>\t\t\t\t\t\t\t\t<\/div>\n\t\t\t\t<\/div>\n\t\t\t\t\t<\/div>\n\t\t<\/div>\n\t\t\t\t\t<\/div>\n\t\t<\/section>\n\t\t\t\t<\/div>","protected":false},"excerpt":{"rendered":"<p>KONSTN\u00c4REN &#8221;A master of abstraction. With her delicate color selection and subtle texture,&nbsp;she creates pieces that fill spaces with calm.&nbsp;She seeks a meditative atmosphere for your space.&#8221; &#8211; Christina Pomareta, Art Curator &#8211; Madrid. Johanna Elbe (f.1984) kommer ursprungligen fr\u00e5n Gislaved och flyttade till V\u00e4xj\u00f6 efter studenten f\u00f6r att studera bildkonst och matematik p\u00e5 Universitetet [&hellip;]<\/p>\n","protected":false},"author":2,"featured_media":0,"parent":0,"menu_order":0,"comment_status":"closed","ping_status":"closed","template":"","meta":{"footnotes":""},"class_list":["post-327","page","type-page","status-publish","hentry"],"_links":{"self":[{"href":"https:\/\/afelbe.com\/en\/wp-json\/wp\/v2\/pages\/327","targetHints":{"allow":["GET"]}}],"collection":[{"href":"https:\/\/afelbe.com\/en\/wp-json\/wp\/v2\/pages"}],"about":[{"href":"https:\/\/afelbe.com\/en\/wp-json\/wp\/v2\/types\/page"}],"author":[{"embeddable":true,"href":"https:\/\/afelbe.com\/en\/wp-json\/wp\/v2\/users\/2"}],"replies":[{"embeddable":true,"href":"https:\/\/afelbe.com\/en\/wp-json\/wp\/v2\/comments?post=327"}],"version-history":[{"count":411,"href":"https:\/\/afelbe.com\/en\/wp-json\/wp\/v2\/pages\/327\/revisions"}],"predecessor-version":[{"id":11107,"href":"https:\/\/afelbe.com\/en\/wp-json\/wp\/v2\/pages\/327\/revisions\/11107"}],"wp:attachment":[{"href":"https:\/\/afelbe.com\/en\/wp-json\/wp\/v2\/media?parent=327"}],"curies":[{"name":"wp","href":"https:\/\/api.w.org\/{rel}","templated":true}]}}