{"id":6064,"date":"2021-11-16T16:35:12","date_gmt":"2021-11-16T16:35:12","guid":{"rendered":"https:\/\/afelbe.com\/?page_id=6064"},"modified":"2026-03-29T18:52:34","modified_gmt":"2026-03-29T18:52:34","slug":"japandi-pieces","status":"publish","type":"page","link":"https:\/\/afelbe.com\/en\/japandi-pieces\/","title":{"rendered":"Pieces"},"content":{"rendered":"<div data-elementor-type=\"wp-page\" data-elementor-id=\"6064\" class=\"elementor elementor-6064\" data-elementor-post-type=\"page\">\n\t\t\t\t\t\t<section class=\"elementor-section elementor-top-section elementor-element elementor-element-c7c187e elementor-section-height-min-height forced-fixed-width elementor-section-boxed elementor-section-height-default elementor-section-items-middle\" data-id=\"c7c187e\" data-element_type=\"section\" data-e-type=\"section\" data-settings=\"{&quot;background_background&quot;:&quot;classic&quot;}\">\n\t\t\t\t\t\t\t<div class=\"elementor-background-overlay\"><\/div>\n\t\t\t\t\t\t\t<div class=\"elementor-container elementor-column-gap-default\">\n\t\t\t\t\t<div class=\"elementor-column elementor-col-100 elementor-top-column elementor-element elementor-element-6a7c8a3\" data-id=\"6a7c8a3\" data-element_type=\"column\" data-e-type=\"column\">\n\t\t\t<div class=\"elementor-widget-wrap\">\n\t\t\t\t\t\t\t<\/div>\n\t\t<\/div>\n\t\t\t\t\t<\/div>\n\t\t<\/section>\n\t\t\t\t<section class=\"elementor-section elementor-top-section elementor-element elementor-element-8b3be09 elementor-section-boxed elementor-section-height-default elementor-section-height-default\" data-id=\"8b3be09\" data-element_type=\"section\" data-e-type=\"section\">\n\t\t\t\t\t\t<div class=\"elementor-container elementor-column-gap-default\">\n\t\t\t\t\t<div class=\"elementor-column elementor-col-100 elementor-top-column elementor-element elementor-element-d48bde6\" data-id=\"d48bde6\" data-element_type=\"column\" data-e-type=\"column\">\n\t\t\t<div class=\"elementor-widget-wrap elementor-element-populated\">\n\t\t\t\t\t\t<div class=\"elementor-element elementor-element-de5bd90 elementor-widget elementor-widget-spacer\" data-id=\"de5bd90\" data-element_type=\"widget\" data-e-type=\"widget\" data-widget_type=\"spacer.default\">\n\t\t\t\t<div class=\"elementor-widget-container\">\n\t\t\t\t\t\t\t<div class=\"elementor-spacer\">\n\t\t\t<div class=\"elementor-spacer-inner\"><\/div>\n\t\t<\/div>\n\t\t\t\t\t\t<\/div>\n\t\t\t\t<\/div>\n\t\t\t\t<div class=\"elementor-element elementor-element-df6f99a elementor-nav-menu__align-center elementor-nav-menu--dropdown-none elementor-widget elementor-widget-nav-menu\" data-id=\"df6f99a\" data-element_type=\"widget\" data-e-type=\"widget\" data-settings=\"{&quot;submenu_icon&quot;:{&quot;value&quot;:&quot;&lt;i class=\\&quot;\\&quot; aria-hidden=\\&quot;true\\&quot;&gt;&lt;\\\/i&gt;&quot;,&quot;library&quot;:&quot;&quot;},&quot;layout&quot;:&quot;horizontal&quot;}\" data-widget_type=\"nav-menu.default\">\n\t\t\t\t<div class=\"elementor-widget-container\">\n\t\t\t\t\t\t\t\t<nav aria-label=\"Menu\" class=\"elementor-nav-menu--main elementor-nav-menu__container elementor-nav-menu--layout-horizontal e--pointer-none\">\n\t\t\t\t<ul id=\"menu-1-df6f99a\" class=\"elementor-nav-menu\"><li class=\"menu-item menu-item-type-post_type menu-item-object-page menu-item-5585\"><a href=\"https:\/\/afelbe.com\/en\/japandi_art\/\" class=\"elementor-item\">Japandi Art<\/a><\/li>\n<li class=\"menu-item menu-item-type-post_type menu-item-object-page menu-item-9799\"><a href=\"https:\/\/afelbe.com\/en\/bauer-collection\/\" class=\"elementor-item\">Bauer Collection<\/a><\/li>\n<li class=\"menu-item menu-item-type-post_type menu-item-object-page menu-item-11231\"><a href=\"https:\/\/afelbe.com\/en\/lumora\/\" class=\"elementor-item\">Lumora<\/a><\/li>\n<li class=\"menu-item menu-item-type-post_type menu-item-object-page menu-item-6094\"><a href=\"https:\/\/afelbe.com\/en\/japandi-pieces\/\" class=\"elementor-item\">Pieces<\/a><\/li>\n<\/ul>\t\t\t<\/nav>\n\t\t\t\t\t\t<nav class=\"elementor-nav-menu--dropdown elementor-nav-menu__container\" aria-hidden=\"true\">\n\t\t\t\t<ul id=\"menu-2-df6f99a\" class=\"elementor-nav-menu\"><li class=\"menu-item menu-item-type-post_type menu-item-object-page menu-item-5585\"><a href=\"https:\/\/afelbe.com\/en\/japandi_art\/\" class=\"elementor-item\" tabindex=\"-1\">Japandi Art<\/a><\/li>\n<li class=\"menu-item menu-item-type-post_type menu-item-object-page menu-item-9799\"><a href=\"https:\/\/afelbe.com\/en\/bauer-collection\/\" class=\"elementor-item\" tabindex=\"-1\">Bauer Collection<\/a><\/li>\n<li class=\"menu-item menu-item-type-post_type menu-item-object-page menu-item-11231\"><a href=\"https:\/\/afelbe.com\/en\/lumora\/\" class=\"elementor-item\" tabindex=\"-1\">Lumora<\/a><\/li>\n<li class=\"menu-item menu-item-type-post_type menu-item-object-page menu-item-6094\"><a href=\"https:\/\/afelbe.com\/en\/japandi-pieces\/\" class=\"elementor-item\" tabindex=\"-1\">Pieces<\/a><\/li>\n<\/ul>\t\t\t<\/nav>\n\t\t\t\t\t\t<\/div>\n\t\t\t\t<\/div>\n\t\t\t\t<div class=\"elementor-element elementor-element-f298e1e elementor-widget-divider--view-line elementor-widget elementor-widget-divider\" data-id=\"f298e1e\" data-element_type=\"widget\" data-e-type=\"widget\" data-widget_type=\"divider.default\">\n\t\t\t\t<div class=\"elementor-widget-container\">\n\t\t\t\t\t\t\t<div class=\"elementor-divider\">\n\t\t\t<span class=\"elementor-divider-separator\">\n\t\t\t\t\t\t<\/span>\n\t\t<\/div>\n\t\t\t\t\t\t<\/div>\n\t\t\t\t<\/div>\n\t\t\t\t\t<\/div>\n\t\t<\/div>\n\t\t\t\t\t<\/div>\n\t\t<\/section>\n\t\t\t\t<section class=\"elementor-section elementor-top-section elementor-element elementor-element-18ed168 elementor-section-boxed elementor-section-height-default elementor-section-height-default\" data-id=\"18ed168\" data-element_type=\"section\" data-e-type=\"section\">\n\t\t\t\t\t\t<div class=\"elementor-container elementor-column-gap-default\">\n\t\t\t\t\t<div class=\"elementor-column elementor-col-100 elementor-top-column elementor-element elementor-element-6afac36\" data-id=\"6afac36\" data-element_type=\"column\" data-e-type=\"column\">\n\t\t\t<div class=\"elementor-widget-wrap elementor-element-populated\">\n\t\t\t\t\t\t<div class=\"elementor-element elementor-element-360f723 elementor-widget elementor-widget-heading\" data-id=\"360f723\" data-element_type=\"widget\" data-e-type=\"widget\" data-widget_type=\"heading.default\">\n\t\t\t\t<div class=\"elementor-widget-container\">\n\t\t\t\t\t<h2 class=\"elementor-heading-title elementor-size-default\">JAPANDI PIECEs<\/h2>\t\t\t\t<\/div>\n\t\t\t\t<\/div>\n\t\t\t\t\t<\/div>\n\t\t<\/div>\n\t\t\t\t\t<\/div>\n\t\t<\/section>\n\t\t\t\t<section class=\"elementor-section elementor-top-section elementor-element elementor-element-a5bb905 elementor-section-boxed elementor-section-height-default elementor-section-height-default\" data-id=\"a5bb905\" data-element_type=\"section\" data-e-type=\"section\">\n\t\t\t\t\t\t<div class=\"elementor-container elementor-column-gap-default\">\n\t\t\t\t\t<div class=\"elementor-column elementor-col-100 elementor-top-column elementor-element elementor-element-ad061a8\" data-id=\"ad061a8\" data-element_type=\"column\" data-e-type=\"column\">\n\t\t\t<div class=\"elementor-widget-wrap elementor-element-populated\">\n\t\t\t\t\t\t<div class=\"elementor-element elementor-element-d48428f elementor-widget elementor-widget-text-editor\" data-id=\"d48428f\" data-element_type=\"widget\" data-e-type=\"widget\" data-settings=\"{&quot;_animation_mobile&quot;:&quot;fadeInUp&quot;}\" data-widget_type=\"text-editor.default\">\n\t\t\t\t<div class=\"elementor-widget-container\">\n\t\t\t\t\t\t\t\t\t<p>&#8221;Make a difference, piece by piece&#8230;&#8221;<\/p>\t\t\t\t\t\t\t\t<\/div>\n\t\t\t\t<\/div>\n\t\t\t\t\t<\/div>\n\t\t<\/div>\n\t\t\t\t\t<\/div>\n\t\t<\/section>\n\t\t\t\t<section class=\"elementor-section elementor-top-section elementor-element elementor-element-0beeb6c elementor-section-boxed elementor-section-height-default elementor-section-height-default\" data-id=\"0beeb6c\" data-element_type=\"section\" data-e-type=\"section\">\n\t\t\t\t\t\t<div class=\"elementor-container elementor-column-gap-default\">\n\t\t\t\t\t<div class=\"elementor-column elementor-col-100 elementor-top-column elementor-element elementor-element-c110f39\" data-id=\"c110f39\" data-element_type=\"column\" data-e-type=\"column\">\n\t\t\t<div class=\"elementor-widget-wrap elementor-element-populated\">\n\t\t\t\t\t\t<div class=\"elementor-element elementor-element-60056b6 elementor-widget elementor-widget-text-editor\" data-id=\"60056b6\" data-element_type=\"widget\" data-e-type=\"widget\" data-widget_type=\"text-editor.default\">\n\t\t\t\t<div class=\"elementor-widget-container\">\n\t\t\t\t\t\t\t\t\t<p>On occasions I release my limited collection \"Japandi Pieces\". A painting consisting of a number of smaller canvases, painted as a whole then splitt into smaller artworks. An opportunity to buy a small piece of a large original.<span style=\"color: var( --e-global-color-text );\">.\u00a0<\/span><\/p><p>Collect your \"Pieces\" from year to year and watch your collection grow. Buy one or combine a larger work of art with several pieces from the same year.<\/p><p><span style=\"color: var( --e-global-color-text );\">Some years the series is included in a charity project for a selected beneficiary during a limited period of time.\u00a0<\/span><span style=\"color: var( --e-global-color-text );\">d\u00e4refter \u00e5terg\u00e5r samlingsserien och eventuellt kvarvarande konstverk till den ordinarie f\u00f6rs\u00e4ljningen.\u00a0<\/span><\/p>\t\t\t\t\t\t\t\t<\/div>\n\t\t\t\t<\/div>\n\t\t\t\t<div class=\"elementor-element elementor-element-2c95d96 elementor-widget elementor-widget-spacer\" data-id=\"2c95d96\" data-element_type=\"widget\" data-e-type=\"widget\" data-widget_type=\"spacer.default\">\n\t\t\t\t<div class=\"elementor-widget-container\">\n\t\t\t\t\t\t\t<div class=\"elementor-spacer\">\n\t\t\t<div class=\"elementor-spacer-inner\"><\/div>\n\t\t<\/div>\n\t\t\t\t\t\t<\/div>\n\t\t\t\t<\/div>\n\t\t\t\t<div class=\"elementor-element elementor-element-1261f86 elementor-widget-divider--view-line elementor-widget elementor-widget-divider\" data-id=\"1261f86\" data-element_type=\"widget\" data-e-type=\"widget\" data-widget_type=\"divider.default\">\n\t\t\t\t<div class=\"elementor-widget-container\">\n\t\t\t\t\t\t\t<div class=\"elementor-divider\">\n\t\t\t<span class=\"elementor-divider-separator\">\n\t\t\t\t\t\t<\/span>\n\t\t<\/div>\n\t\t\t\t\t\t<\/div>\n\t\t\t\t<\/div>\n\t\t\t\t\t<\/div>\n\t\t<\/div>\n\t\t\t\t\t<\/div>\n\t\t<\/section>\n\t\t\t\t<section class=\"elementor-section elementor-top-section elementor-element elementor-element-c00b4ae elementor-section-boxed elementor-section-height-default elementor-section-height-default\" data-id=\"c00b4ae\" data-element_type=\"section\" data-e-type=\"section\">\n\t\t\t\t\t\t<div class=\"elementor-container elementor-column-gap-default\">\n\t\t\t\t\t<div class=\"elementor-column elementor-col-100 elementor-top-column elementor-element elementor-element-5a33c4e\" data-id=\"5a33c4e\" data-element_type=\"column\" data-e-type=\"column\">\n\t\t\t<div class=\"elementor-widget-wrap elementor-element-populated\">\n\t\t\t\t\t\t<div class=\"elementor-element elementor-element-b78fd98 elementor-widget elementor-widget-heading\" data-id=\"b78fd98\" data-element_type=\"widget\" data-e-type=\"widget\" data-widget_type=\"heading.default\">\n\t\t\t\t<div class=\"elementor-widget-container\">\n\t\t\t\t\t<h2 class=\"elementor-heading-title elementor-size-default\">2023<\/h2>\t\t\t\t<\/div>\n\t\t\t\t<\/div>\n\t\t\t\t<div class=\"elementor-element elementor-element-7331802 elementor-widget elementor-widget-text-editor\" data-id=\"7331802\" data-element_type=\"widget\" data-e-type=\"widget\" data-widget_type=\"text-editor.default\">\n\t\t\t\t<div class=\"elementor-widget-container\">\n\t\t\t\t\t\t\t\t\t<p>MORGONFROST<\/p>\t\t\t\t\t\t\t\t<\/div>\n\t\t\t\t<\/div>\n\t\t\t\t<div class=\"elementor-element elementor-element-317ba28 elementor-widget elementor-widget-image\" data-id=\"317ba28\" data-element_type=\"widget\" data-e-type=\"widget\" data-widget_type=\"image.default\">\n\t\t\t\t<div class=\"elementor-widget-container\">\n\t\t\t\t\t\t\t\t\t\t\t\t\t\t\t<img fetchpriority=\"high\" decoding=\"async\" width=\"800\" height=\"500\" src=\"https:\/\/afelbe.com\/wp-content\/uploads\/2023\/04\/IMG_8362-1024x640.jpg\" class=\"attachment-large size-large wp-image-8644\" alt=\"\" srcset=\"https:\/\/afelbe.com\/wp-content\/uploads\/2023\/04\/IMG_8362-1024x640.jpg 1024w, https:\/\/afelbe.com\/wp-content\/uploads\/2023\/04\/IMG_8362-300x187.jpg 300w, https:\/\/afelbe.com\/wp-content\/uploads\/2023\/04\/IMG_8362-768x480.jpg 768w, https:\/\/afelbe.com\/wp-content\/uploads\/2023\/04\/IMG_8362-1536x960.jpg 1536w, https:\/\/afelbe.com\/wp-content\/uploads\/2023\/04\/IMG_8362-2048x1279.jpg 2048w, https:\/\/afelbe.com\/wp-content\/uploads\/2023\/04\/IMG_8362-18x12.webp 18w, https:\/\/afelbe.com\/wp-content\/uploads\/2023\/04\/IMG_8362-600x375.jpg 600w\" sizes=\"(max-width: 800px) 100vw, 800px\" \/>\t\t\t\t\t\t\t\t\t\t\t\t\t\t\t<\/div>\n\t\t\t\t<\/div>\n\t\t\t\t<div class=\"elementor-element elementor-element-83e70d9 elementor-align-center elementor-widget elementor-widget-button\" data-id=\"83e70d9\" data-element_type=\"widget\" data-e-type=\"widget\" data-settings=\"{&quot;_animation_mobile&quot;:&quot;fadeInUp&quot;}\" data-widget_type=\"button.default\">\n\t\t\t\t<div class=\"elementor-widget-container\">\n\t\t\t\t\t\t\t\t\t<div class=\"elementor-button-wrapper\">\n\t\t\t\t\t<a class=\"elementor-button elementor-button-link elementor-size-md\" href=\"https:\/\/afelbe.com\/en\/japandi-pieces-2023\/\" target=\"_blank\" id=\"pieces\">\n\t\t\t\t\t\t<span class=\"elementor-button-content-wrapper\">\n\t\t\t\t\t\t\t\t\t<span class=\"elementor-button-text\">SEE THE ARTWORK HERE<\/span>\n\t\t\t\t\t<\/span>\n\t\t\t\t\t<\/a>\n\t\t\t\t<\/div>\n\t\t\t\t\t\t\t\t<\/div>\n\t\t\t\t<\/div>\n\t\t\t\t\t<\/div>\n\t\t<\/div>\n\t\t\t\t\t<\/div>\n\t\t<\/section>\n\t\t\t\t<section class=\"elementor-section elementor-top-section elementor-element elementor-element-b46e605 elementor-section-boxed elementor-section-height-default elementor-section-height-default\" data-id=\"b46e605\" data-element_type=\"section\" data-e-type=\"section\">\n\t\t\t\t\t\t<div class=\"elementor-container elementor-column-gap-default\">\n\t\t\t\t\t<div class=\"elementor-column elementor-col-100 elementor-top-column elementor-element elementor-element-ec9ff2d\" data-id=\"ec9ff2d\" data-element_type=\"column\" data-e-type=\"column\">\n\t\t\t<div class=\"elementor-widget-wrap elementor-element-populated\">\n\t\t\t\t\t\t<div class=\"elementor-element elementor-element-28c64ba elementor-widget-divider--view-line elementor-widget elementor-widget-divider\" data-id=\"28c64ba\" data-element_type=\"widget\" data-e-type=\"widget\" data-widget_type=\"divider.default\">\n\t\t\t\t<div class=\"elementor-widget-container\">\n\t\t\t\t\t\t\t<div class=\"elementor-divider\">\n\t\t\t<span class=\"elementor-divider-separator\">\n\t\t\t\t\t\t<\/span>\n\t\t<\/div>\n\t\t\t\t\t\t<\/div>\n\t\t\t\t<\/div>\n\t\t\t\t<div class=\"elementor-element elementor-element-c1f1a43 elementor-widget elementor-widget-heading\" data-id=\"c1f1a43\" data-element_type=\"widget\" data-e-type=\"widget\" data-widget_type=\"heading.default\">\n\t\t\t\t<div class=\"elementor-widget-container\">\n\t\t\t\t\t<h2 class=\"elementor-heading-title elementor-size-default\">2021<\/h2>\t\t\t\t<\/div>\n\t\t\t\t<\/div>\n\t\t\t\t<div class=\"elementor-element elementor-element-2d0baa4 elementor-widget elementor-widget-text-editor\" data-id=\"2d0baa4\" data-element_type=\"widget\" data-e-type=\"widget\" data-widget_type=\"text-editor.default\">\n\t\t\t\t<div class=\"elementor-widget-container\">\n\t\t\t\t\t\t\t\t\t<p>Milky way pieces<\/p>\t\t\t\t\t\t\t\t<\/div>\n\t\t\t\t<\/div>\n\t\t\t\t<div class=\"elementor-element elementor-element-de2ec2b elementor-widget elementor-widget-image\" data-id=\"de2ec2b\" data-element_type=\"widget\" data-e-type=\"widget\" data-widget_type=\"image.default\">\n\t\t\t\t<div class=\"elementor-widget-container\">\n\t\t\t\t\t\t\t\t\t\t\t\t\t\t\t\t<a href=\"https:\/\/afelbe.com\/en\/japandi-pieces-2021\/\">\n\t\t\t\t\t\t\t<img decoding=\"async\" width=\"800\" height=\"641\" src=\"https:\/\/afelbe.com\/wp-content\/uploads\/2021\/11\/IMG_1734-1024x821.jpg\" class=\"attachment-large size-large wp-image-6263\" alt=\"\" srcset=\"https:\/\/afelbe.com\/wp-content\/uploads\/2021\/11\/IMG_1734-1024x821.jpg 1024w, https:\/\/afelbe.com\/wp-content\/uploads\/2021\/11\/IMG_1734-300x240.jpg 300w, https:\/\/afelbe.com\/wp-content\/uploads\/2021\/11\/IMG_1734-768x616.jpg 768w, https:\/\/afelbe.com\/wp-content\/uploads\/2021\/11\/IMG_1734-1536x1231.jpg 1536w, https:\/\/afelbe.com\/wp-content\/uploads\/2021\/11\/IMG_1734-2048x1642.jpg 2048w, https:\/\/afelbe.com\/wp-content\/uploads\/2021\/11\/IMG_1734-15x12.jpg 15w, https:\/\/afelbe.com\/wp-content\/uploads\/2021\/11\/IMG_1734-600x481.jpg 600w\" sizes=\"(max-width: 800px) 100vw, 800px\" \/>\t\t\t\t\t\t\t\t<\/a>\n\t\t\t\t\t\t\t\t\t\t\t\t\t\t\t<\/div>\n\t\t\t\t<\/div>\n\t\t\t\t<div class=\"elementor-element elementor-element-76fc7ae elementor-align-center elementor-widget elementor-widget-button\" data-id=\"76fc7ae\" data-element_type=\"widget\" data-e-type=\"widget\" data-settings=\"{&quot;_animation_mobile&quot;:&quot;fadeInUp&quot;}\" data-widget_type=\"button.default\">\n\t\t\t\t<div class=\"elementor-widget-container\">\n\t\t\t\t\t\t\t\t\t<div class=\"elementor-button-wrapper\">\n\t\t\t\t\t<a class=\"elementor-button elementor-button-link elementor-size-md\" href=\"https:\/\/afelbe.com\/en\/japandi-pieces-2021\/\" target=\"_blank\" id=\"pieces\">\n\t\t\t\t\t\t<span class=\"elementor-button-content-wrapper\">\n\t\t\t\t\t\t\t\t\t<span class=\"elementor-button-text\">SEE THE ARTWORK HERE<\/span>\n\t\t\t\t\t<\/span>\n\t\t\t\t\t<\/a>\n\t\t\t\t<\/div>\n\t\t\t\t\t\t\t\t<\/div>\n\t\t\t\t<\/div>\n\t\t\t\t\t<\/div>\n\t\t<\/div>\n\t\t\t\t\t<\/div>\n\t\t<\/section>\n\t\t\t\t<\/div>","protected":false},"excerpt":{"rendered":"<p>JAPANDI PIECEs &#8221;Make a difference, piece by piece&#8230;&#8221; Vid enstaka tillf\u00e4llen sl\u00e4pper jag min begr\u00e4nsade samlingsserie &#8221;Japandi Pieces&#8221;. Ett konstverk uppbyggt av ett antal mindre numrerade verk.\u00a0 \u00a0En m\u00f6jlighet att k\u00f6pa en liten bit av ett stort original.\u00a0 Samla dina &#8221;Pieces&#8221; och se din konstsamling v\u00e4xa. Eller varf\u00f6r inte kombinera ihop ett st\u00f6rre verk med [&hellip;]<\/p>\n","protected":false},"author":2,"featured_media":0,"parent":0,"menu_order":0,"comment_status":"closed","ping_status":"closed","template":"","meta":{"footnotes":""},"class_list":["post-6064","page","type-page","status-publish","hentry"],"_links":{"self":[{"href":"https:\/\/afelbe.com\/en\/wp-json\/wp\/v2\/pages\/6064","targetHints":{"allow":["GET"]}}],"collection":[{"href":"https:\/\/afelbe.com\/en\/wp-json\/wp\/v2\/pages"}],"about":[{"href":"https:\/\/afelbe.com\/en\/wp-json\/wp\/v2\/types\/page"}],"author":[{"embeddable":true,"href":"https:\/\/afelbe.com\/en\/wp-json\/wp\/v2\/users\/2"}],"replies":[{"embeddable":true,"href":"https:\/\/afelbe.com\/en\/wp-json\/wp\/v2\/comments?post=6064"}],"version-history":[{"count":214,"href":"https:\/\/afelbe.com\/en\/wp-json\/wp\/v2\/pages\/6064\/revisions"}],"predecessor-version":[{"id":11257,"href":"https:\/\/afelbe.com\/en\/wp-json\/wp\/v2\/pages\/6064\/revisions\/11257"}],"wp:attachment":[{"href":"https:\/\/afelbe.com\/en\/wp-json\/wp\/v2\/media?parent=6064"}],"curies":[{"name":"wp","href":"https:\/\/api.w.org\/{rel}","templated":true}]}}